{"id":34,"date":"2022-12-13T20:26:02","date_gmt":"2022-12-13T20:26:02","guid":{"rendered":"https:\/\/timberspecialties.com\/fr\/?post_type=product&#038;p=34"},"modified":"2023-01-13T20:30:03","modified_gmt":"2023-01-13T20:30:03","slug":"nw100","status":"publish","type":"product","link":"https:\/\/timberspecialties.com\/fr\/produits\/nw100\/","title":{"rendered":"NW100"},"content":{"rendered":"<div class=\"wp-block-image\">\n<figure class=\"aligncenter size-full\"><img loading=\"lazy\" decoding=\"async\" width=\"540\" height=\"270\" src=\"https:\/\/timberspecialties.com\/fr\/wp-content\/uploads\/sites\/2\/2022\/12\/NW100Logo-F.png\" alt=\"\" class=\"wp-image-110\" srcset=\"https:\/\/timberspecialties.com\/fr\/wp-content\/uploads\/sites\/2\/2022\/12\/NW100Logo-F.png 540w, https:\/\/timberspecialties.com\/fr\/wp-content\/uploads\/sites\/2\/2022\/12\/NW100Logo-F-300x150.png 300w\" sizes=\"auto, (max-width: 540px) 100vw, 540px\" \/><\/figure><\/div>\n\n\n<p>NW100<sup>MD<\/sup> est un syst\u00e8me de pr\u00e9servation pr\u00e9par\u00e9 \u00e0 partir de compos\u00e9s quaternaires alcalins du cuivre et destin\u00e9 au traitement sous pression des produits du bois. Les principaux ingr\u00e9dients actifs sont le cuivre et des compos\u00e9s quaternaires. Le cuivre est reconnu depuis longtemps comme un agent de pr\u00e9servation du bois efficace. Le cuivre et les compos\u00e9s quaternaires assurent ensemble une protection \u00e0 long terme et \u00e0 large spectre pour le bois apparent, dans les applications ext\u00e9rieures.<\/p>\n\n\n\n<p>Le syst\u00e8me de pr\u00e9servation NW100 est utilis\u00e9 dans le traitement sous pression des produits du bois en applications ext\u00e9rieures, tant au-dessus du sol qu\u2019en contact avec le sol, y compris&nbsp;:<\/p>\n\n\n\n<ul class=\"wp-block-list\">\n<li>Constructions r\u00e9sidentielles telles que terrasses, patios, cl\u00f4turages, parements, \u00e9l\u00e9ments de contreplaqu\u00e9 et lisses d\u2019assise.<\/li>\n\n\n\n<li>Applications r\u00e9cr\u00e9atives telles qu\u2019all\u00e9es pi\u00e9tonni\u00e8res, promenades de bois, am\u00e9nagements paysag\u00e9s, quais en eau douce et gazebos.<\/li>\n\n\n\n<li>Applications de construction et commerciales telles que bois d\u2019\u0153uvre de dimensions courantes, \u00e9l\u00e9ments de bois de charpente, montants et platelages.<\/li>\n\n\n\n<li>Applications agricoles et horticoles telles que cl\u00f4turages, ossatures et poteaux de construction.<\/li>\n<\/ul>\n\n\n\n<h2 class=\"wp-block-heading\">RENSEIGNEMENTS SUR L\u2019APPLICATION&nbsp;:<\/h2>\n\n\n\n<h3 class=\"wp-block-heading\"><strong>Prot\u00e9ger les coupes de bout, les trous de per\u00e7age et les autres coupes r\u00e9alis\u00e9es au chantier.<\/strong><\/h3>\n\n\n\n<p>Pour les \u00e9l\u00e9ments de bois de construction trait\u00e9s \u00e0 l\u2019agent NW100 et le bois trait\u00e9 utilis\u00e9 dans les <strong>applications en<\/strong> <strong>contact avec le sol<\/strong>, un agent de pr\u00e9servation pour coupes de bout \u00e0 appliquer au pinceau est requis, au moment de la construction, sur tous les traits de scie, les trous de per\u00e7age et autres coupes r\u00e9alis\u00e9es au chantier. Deux (2) applications d\u2019un agent de pr\u00e9servation pour coupes de bout \u00e0 base de napht\u00e9nate de cuivre doivent \u00eatre faites sur le bois trait\u00e9 avant qu\u2019il ne soit install\u00e9. Important&nbsp;: suivre les directives du fabricant pour r\u00e9aliser une application appropri\u00e9e.<\/p>\n\n\n\n<p>Pour le bois trait\u00e9 au NW100 utilis\u00e9 dans les <strong>applications au-dessus du niveau du sol<\/strong>, comme les planches de terrasses, les garde-corps, les dessus de poteaux ou les planches de cl\u00f4tures, un agent de pr\u00e9servation du bois pour coupes de bout \u00e0 appliquer au pinceau ou le produit Cut-N-Seal<sup>MD<\/sup> de Timber Specialties devrait \u00eatre appliqu\u00e9, au moment de la construction, sur tous les traits de scie, les trous de per\u00e7age et autres coupes r\u00e9alis\u00e9es au chantier. Suivre les directives du fabricant pour obtenir une application appropri\u00e9e.<\/p>\n\n\n\n<h3 class=\"wp-block-heading\"><strong>Utiliser des attaches r\u00e9sistantes \u00e0 la corrosion<\/strong><\/h3>\n\n\n\n<p>Les produits de bois trait\u00e9s au NW100 sont con\u00e7us pour offrir une performance \u00e0 long terme dans les applications ext\u00e9rieures; par cons\u00e9quent, ils requi\u00e8rent l\u2019emploi de clous, de vis et autres attaches et ferrures r\u00e9sistants \u00e0 la corrosion, de haute qualit\u00e9.<\/p>\n\n\n\n<p><strong><strong>Avertissement<\/strong><\/strong> \u2013 Certains produits m\u00e9talliques (y compris attaches, ferrures et solins) sont susceptibles de se corroder lorsque mis en contact direct avec le bois trait\u00e9. Pour \u00e9viter la corrosion et la d\u00e9faillance pr\u00e9matur\u00e9es de tous produits m\u00e9talliques, il est important de suivre les recommandations de leurs fabricants.<\/p>\n\n\n\n<p>Pour les applications int\u00e9rieures ou ext\u00e9rieures, utiliser des attaches et des ferrures qui sont conformes aux recommandations du fabricant et aux prescriptions des codes de la construction quant \u00e0 leur usage pr\u00e9vu. Comme avec toutes les bonnes pratiques en mati\u00e8re de conception et de construction, le bois trait\u00e9 au NW100 ne devrait pas \u00eatre utilis\u00e9 dans les applications o\u00f9 il peut y avoir de l\u2019humidit\u00e9 ou de l\u2019eau pi\u00e9g\u00e9e. Dans les cas o\u00f9 la conception et\/ou les conditions r\u00e9elles admettent des p\u00e9riodes d\u2019exposition constante, r\u00e9p\u00e9titive ou prolong\u00e9e \u00e0 des conditions humides ou mouill\u00e9es, seules des attaches en acier inoxydable devraient \u00eatre utilis\u00e9es.<\/p>\n\n\n\n<p>Les attaches (et autres produits m\u00e9talliques) \u00e0 employer avec les produits de bois trait\u00e9 avec NW100 comprennent les suivants&nbsp;:<\/p>\n\n\n\n<ul class=\"wp-block-list\">\n<li><strong>Attaches galvanis\u00e9es \u00e0 chaud*<\/strong><br>Les fabricants d\u2019attaches, de ferrures et de produits m\u00e9talliques ont d\u00e9sign\u00e9 les produits galvanis\u00e9s \u00e0 chaud comme devant \u00eatre conformes aux exigences minimales pour utilisation avec le bois trait\u00e9, telles qu\u2019indiqu\u00e9es dans les normes ASTM suivantes&nbsp;: ASTM-A153 (attaches galvanis\u00e9es \u00e0 chaud) et ASTM-A&nbsp;653 (d\u00e9signation d\u2019enduit G-185 pour produits du type connecteur et feuille de mat\u00e9riau galvanis\u00e9 \u00e0 chaud).<\/li>\n\n\n\n<li><strong>Acier inoxydable<\/strong><br>Les attaches et connecteurs en acier inoxydable (inox) sont requis avec les fondations en bois permanentes sous le niveau du sol et sont recommand\u00e9s pour utilisation avec le bois trait\u00e9 dans d\u2019autres applications ext\u00e9rieures rigoureuses telles que piscines, expositions \u00e0 l\u2019eau sal\u00e9e, etc. \u2013 les types 304 et 316 sont les grades recommand\u00e9s pour ces usages.<\/li>\n\n\n\n<li><strong><strong>Autres attaches, ferrures ou tous produits m\u00e9talliques tels que recommand\u00e9s par le fabricant<\/strong><\/strong><br>Des mat\u00e9riaux suppl\u00e9mentaires (autres que l\u2019inox ou l\u2019acier galvanis\u00e9 \u00e0 chaud) peuvent \u00eatre utilis\u00e9s avec le bois trait\u00e9 avec NW100. Veuillez consulter les fabricants individuels des attaches, des ferrures ou des produits m\u00e9talliques pour obtenir des recommandations quant \u00e0 l\u2019utilisation de leurs produits avec le bois trait\u00e9 avec NW100.<\/li>\n<\/ul>\n\n\n\n<p><em><em>* Les attaches et produits m\u00e9talliques \u00e0 rev\u00eatement \u00e9lectrolytique\/galvanis\u00e9s ne sont pas habituellement accept\u00e9s par les codes de la construction pour utilisation dans les applications ext\u00e9rieures, ind\u00e9pendamment du type de bois utilis\u00e9.<\/em><\/em><\/p>\n\n\n\n<h3 class=\"wp-block-heading\"><strong>L\u2019aluminium ne doit pas \u00eatre utilis\u00e9 en contact direct avec le bois trait\u00e9 avec NW100<\/strong><\/h3>\n\n\n\n<p>Il est recommand\u00e9 d\u2019utiliser des cales d\u2019espacement ou d\u2019autres dispositifs constituant une barri\u00e8re physique pour \u00e9viter le contact direct du bois trait\u00e9 avec NW100 avec tout produit en aluminium. Lorsque vous utilisez le bois trait\u00e9 avec NW100 \u00e0 proximit\u00e9 imm\u00e9diate des produits en aluminium tels que parements, solins, \u00e9l\u00e9ments de mobilier et cadres de porte ou de fen\u00eatre, pr\u00e9voyez un espacement d\u2019au moins 1\/4&nbsp;po entre l\u2019\u00e9l\u00e9ment NW100 et le produit en aluminium. Une autre solution consiste \u00e0 utiliser une barri\u00e8re de poly\u00e9thyl\u00e8ne d\u2019une \u00e9paisseur minimale de 10&nbsp;mils entre le bois trait\u00e9 avec NW100 et le produit en aluminium pour \u00e9viter le contact direct entre bois et aluminium. L\u2019emploi de certains adh\u00e9sifs procurera une r\u00e9sistance \u00e0 l\u2019arrachement accrue. Appliquez les adh\u00e9sifs en conformit\u00e9 avec les directives de leurs fabricants.<\/p>\n\n\n\n<h3 class=\"wp-block-heading\"><strong>L\u2019usage appropri\u00e9 est not\u00e9 sur l\u2019\u00e9tiquette en bout<\/strong><\/h3>\n\n\n\n<p>Le mat\u00e9riau trait\u00e9 pour utilisation au-dessus du sol ne devrait pas \u00eatre utilis\u00e9 dans les applications en contact avec le sol, ceci pouvant nuire \u00e0 la performance du projet entier. L\u2019usage appropri\u00e9 est not\u00e9 sur l\u2019\u00e9tiquette en bout qui est fix\u00e9e \u00e0 chaque pi\u00e8ce.<\/p>\n\n\n\n<h3 class=\"wp-block-heading\"><strong>Lorsque l\u2019apparence le permet, installer les planches face \u00e9corce en haut<\/strong><\/h3>\n\n\n\n<p>Comme r\u00e8gle g\u00e9n\u00e9rale, on doit installer les planches face \u00e9corce en haut (cercles de croissance annuels orient\u00e9s vers le haut) afin de r\u00e9duire le voilement concave; cependant, la meilleure des deux faces devrait \u00eatre plac\u00e9e en haut si un d\u00e9faut du bois est apparent. Fixer les planches minces aux plus \u00e9paisses afin de maintenir l\u2019int\u00e9grit\u00e9 structurale de l\u2019ouvrage.<\/p>\n\n\n\n<h3 class=\"wp-block-heading\"><strong>Percez des avant-trous pour diminuer les risques de fendillement<\/strong><\/h3>\n\n\n\n<p>Surtout lorsque vous devez visser ou clouer pr\u00e8s du bord ou de l\u2019extr\u00e9mit\u00e9 de la planche.<\/p>\n\n\n\n<h3 class=\"wp-block-heading\"><strong>Espacement des planches<\/strong><\/h3>\n\n\n\n<p>Si le bois devenait humide durant la construction, abouter les planches de terrasses les unes contre les autres. \u00c0 mesure qu\u2019elles s\u00e9cheront, un certain retrait peut \u00eatre pr\u00e9vu. Si le bois au contraire est sec \u00e0 l\u2019installation, il n\u2019est pas n\u00e9cessaire de prendre en compte un retrait.<\/p>\n\n\n\n<h3 class=\"wp-block-heading\"><strong>Appliquer une finition r\u00e9sistant aux intemp\u00e9ries<\/strong><\/h3>\n\n\n\n<p>Tout bois expos\u00e9, qu\u2019il soit trait\u00e9 sous pression ou non, devrait \u00eatre prot\u00e9g\u00e9 contre les intemp\u00e9ries. L\u2019application d\u2019un hydrofugeant clair ou d\u2019une teinture semi-transparente de qualit\u00e9 qui contient un hydrofugeant aidera \u00e0 r\u00e9duire au minimum les cycles de r\u00e9tention et de perte d\u2019humidit\u00e9 que subit le bois \u00e0 l\u2019ext\u00e9rieur. Avant tout, nettoyez \u00e0 fond votre projet au moyen d\u2019un produit de nettoyage pour terrasses. L\u2019hydrofugeant clair peut \u00eatre appliqu\u00e9 imm\u00e9diatement sur votre terrasse ou autre projet. Si vous d\u00e9cidez d\u2019appliquer plut\u00f4t une teinture semi-transparente qui contient un hydrofugeant, vous devrez avant tout vous assurer que votre projet est sec en surface. Attendez que la surface soit s\u00e8che, ou appliquez imm\u00e9diatement l\u2019hydrofugeant clair et attendez environ huit (8) semaines, puis appliquez la teinture semi-transparente de la couleur que vous aurez choisie. Assurez-vous que le bois est bien sec en surface avant de le teindre. Dans tous les cas, suivez les directives du fabricant lorsque vous appliquez des hydrofugeants ou des teintures semi-transparentes qui peuvent contenir un hydrofugeant.<\/p>\n\n\n\n<h3 class=\"wp-block-heading\"><strong>Enlevez les moisissures, \u00e0 l\u2019eau et au savon<\/strong><\/h3>\n\n\n\n<p>Des moisissures peuvent se d\u00e9velopper et se d\u00e9veloppent effectivement, sur la surface de nombreux produits, y compris les \u00e9l\u00e9ments en bois trait\u00e9 et non trait\u00e9, lorsque les surfaces sont expos\u00e9es durant de longues p\u00e9riodes \u00e0 des conditions d\u2019humidit\u00e9 tr\u00e8s \u00e9lev\u00e9es. Pour d\u00e9barrasser la surface de bois trait\u00e9 de toute moisissure accumul\u00e9e, laissez d\u2019abord s\u00e9cher le bois. Ordinairement, on utilise une solution d\u2019eau et de savon doux pour d\u00e9barrasser les surfaces des moisissures r\u00e9siduelles.<\/p>\n\n\n\n<h2 class=\"wp-block-heading\"><strong>RENSEIGNEMENTS IMPORTANTS<\/strong><\/h2>\n\n\n\n<ul class=\"wp-block-list\">\n<li><strong><strong>Ne br\u00fblez pas le bois trait\u00e9.<\/strong><\/strong><\/li>\n\n\n\n<li>Portez un masque antipoussi\u00e8re et des lunettes \u00e0 coques pour couper ou manipuler le bois.<\/li>\n\n\n\n<li>Portez des gants pour tout travail avec le bois.<\/li>\n\n\n\n<li>Une certaine quantit\u00e9 d\u2019agent de pr\u00e9servation peut migrer du bois trait\u00e9 au sol\/\u00e0 l\u2019eau environnant(e) ou se d\u00e9loger de la surface du bois trait\u00e9 en contact avec la peau. Lavez \u00e0 fond toute partie d\u00e9nud\u00e9e de la peau qui y a \u00e9t\u00e9 expos\u00e9e.<\/li>\n\n\n\n<li>Apr\u00e8s les travaux de construction, tous les d\u00e9bris de construction et toute la sciure de bois devraient \u00eatre \u00e9limin\u00e9s proprement.<\/li>\n\n\n\n<li>Avant de porter de nouveau vos v\u00eatements de travail, lavez-les, mais s\u00e9par\u00e9ment de toute lessive courante.<\/li>\n\n\n\n<li>Le bois trait\u00e9 ne devrait pas \u00eatre utilis\u00e9 l\u00e0 o\u00f9 il risque d\u2019\u00eatre en contact direct ou indirect avec l\u2019eau potable, sauf dans les cas o\u00f9 il n\u2019existe qu\u2019un contact fortuit possible, comme par exemple avec des quais ou ponts en eaux douces.<\/li>\n\n\n\n<li>N\u2019utilisez pas le bois trait\u00e9 dans des circonstances o\u00f9 l\u2019agent de pr\u00e9servation risquerait d\u2019\u00eatre incorpor\u00e9 accidentellement \u00e0 des aliments pour les humains ou pour les animaux, ou \u00e0 des ruches.<\/li>\n\n\n\n<li>N\u2019utilisez pas le bois trait\u00e9 comme paillis.<\/li>\n\n\n\n<li>Seul du bois trait\u00e9 qui est visiblement propre et exempt de r\u00e9sidus en surface devrait \u00eatre utilis\u00e9.<\/li>\n\n\n\n<li>Si le bois doit \u00eatre utilis\u00e9 dans une application int\u00e9rieure et devient mouill\u00e9 durant les travaux de construction, laissez-le s\u00e9cher avant de le couvrir ou de l\u2019inclure dans votre ouvrage.<\/li>\n\n\n\n<li>La conception et l&#8217;installation de tout projet doivent \u00eatre conformes aux codes de construction f\u00e9d\u00e9raux, provinciaux et locaux et autres ordonnances r\u00e9gissant la construction dans votre r\u00e9gion.<\/li>\n\n\n\n<li>Les utilisateurs r\u00e9sidentiels peuvent \u00e9liminer les rebuts et les d\u00e9coupes de bois trait\u00e9 dans les ordures m\u00e9nag\u00e8res courantes ou par enfouissement. Les utilisateurs commerciaux et industriels du bois trait\u00e9 devraient \u00e9liminer les rebuts et d\u00e9coupes de bois trait\u00e9 en conformit\u00e9 avec les r\u00e8glements locaux, provinciaux et f\u00e9d\u00e9raux.<\/li>\n\n\n\n<li>Utilisez les agents de pr\u00e9servation du bois de fa\u00e7on s\u00e9curitaire. Lisez toujours l\u2019\u00e9tiquette du produit et toute l\u2019information sur celui-ci avant de l\u2019utiliser.<\/li>\n<\/ul>\n\n\n\n<div class=\"wp-block-file pdf\"><a id=\"wp-block-file--media-23d6d6ae-5cc0-4c14-84f4-1975b1065ccb\" href=\"http:\/\/timberspecialties.com\/fr\/wp-content\/uploads\/sites\/2\/2022\/12\/262-TIM-F-Alkaline-Copper-Quaternary-ACQ-Treated-Wood-SDS-CDN-French-REV3.pdf\" target=\"_blank\" rel=\"noreferrer noopener\">Cliquez ici pour consulter la fiche signal\u00e9tique.<\/a><\/div>\n\n\n\n<div class=\"wp-block-file pdf\"><a id=\"wp-block-file--media-f477fc1f-80ba-4c7b-ba13-0848cfa3e9a2\" href=\"https:\/\/timberspecialties.com\/fr\/wp-content\/uploads\/sites\/2\/2022\/12\/NW100-Renseignements-sur-le-produit.pdf\" target=\"_blank\" rel=\"noreferrer noopener\">Cliquez ici pour obtenir plus de renseignements.<\/a><\/div>\n","protected":false},"featured_media":110,"menu_order":1,"template":"","class_list":["post-34","product","type-product","status-publish","has-post-thumbnail","hentry"],"acf":[],"yoast_head":"<!-- This site is optimized with the Yoast SEO plugin v25.7 - https:\/\/yoast.com\/wordpress\/plugins\/seo\/ -->\n<title>NW100 - Timber Specialties (French)<\/title>\n<meta name=\"robots\" content=\"index, follow, max-snippet:-1, max-image-preview:large, max-video-preview:-1\" \/>\n<link rel=\"canonical\" href=\"https:\/\/timberspecialties.com\/fr\/produits\/nw100\/\" \/>\n<meta property=\"og:locale\" content=\"en_US\" \/>\n<meta property=\"og:type\" content=\"article\" \/>\n<meta property=\"og:title\" content=\"NW100 - Timber Specialties (French)\" \/>\n<meta property=\"og:description\" content=\"NW100MD est un syst\u00e8me de pr\u00e9servation pr\u00e9par\u00e9 \u00e0 partir de compos\u00e9s quaternaires alcalins du cuivre et destin\u00e9 au traitement sous pression des produits du bois. Les principaux ingr\u00e9dients actifs sont le cuivre et des compos\u00e9s quaternaires. Le cuivre est reconnu depuis longtemps comme un agent de pr\u00e9servation du bois efficace. Le cuivre et les compos\u00e9s quaternaires assurent ensemble une protection \u00e0 long terme et \u00e0 large spectre pour le bois apparent, dans les applications ext\u00e9rieures. Le syst\u00e8me de pr\u00e9servation NW100 est utilis\u00e9 dans le traitement sous pression des produits du bois en applications ext\u00e9rieures, tant au-dessus du sol qu\u2019en contact avec le sol, y compris&nbsp;: RENSEIGNEMENTS SUR L\u2019APPLICATION&nbsp;: Prot\u00e9ger les coupes de bout, les trous de per\u00e7age et les autres coupes r\u00e9alis\u00e9es au chantier. Pour les \u00e9l\u00e9ments de bois de construction trait\u00e9s \u00e0 l\u2019agent NW100 et le bois trait\u00e9 utilis\u00e9 dans les applications en contact avec le sol, un agent...\" \/>\n<meta property=\"og:url\" content=\"https:\/\/timberspecialties.com\/fr\/produits\/nw100\/\" \/>\n<meta property=\"og:site_name\" content=\"Timber Specialties (French)\" \/>\n<meta property=\"article:modified_time\" content=\"2023-01-13T20:30:03+00:00\" \/>\n<meta property=\"og:image\" content=\"http:\/\/timberspecialties.com\/fr\/wp-content\/uploads\/sites\/2\/2022\/12\/NW100Logo-F.png\" \/>\n\t<meta property=\"og:image:width\" content=\"540\" \/>\n\t<meta property=\"og:image:height\" content=\"270\" \/>\n\t<meta property=\"og:image:type\" content=\"image\/png\" \/>\n<meta name=\"twitter:card\" content=\"summary_large_image\" \/>\n<meta name=\"twitter:label1\" content=\"Est. reading time\" \/>\n\t<meta name=\"twitter:data1\" content=\"8 minutes\" \/>\n<script type=\"application\/ld+json\" class=\"yoast-schema-graph\">{\"@context\":\"https:\/\/schema.org\",\"@graph\":[{\"@type\":\"WebPage\",\"@id\":\"https:\/\/timberspecialties.com\/fr\/produits\/nw100\/\",\"url\":\"https:\/\/timberspecialties.com\/fr\/produits\/nw100\/\",\"name\":\"NW100 - Timber Specialties (French)\",\"isPartOf\":{\"@id\":\"https:\/\/timberspecialties.com\/fr\/#website\"},\"primaryImageOfPage\":{\"@id\":\"https:\/\/timberspecialties.com\/fr\/produits\/nw100\/#primaryimage\"},\"image\":{\"@id\":\"https:\/\/timberspecialties.com\/fr\/produits\/nw100\/#primaryimage\"},\"thumbnailUrl\":\"https:\/\/timberspecialties.com\/fr\/wp-content\/uploads\/sites\/2\/2022\/12\/NW100Logo-F.png\",\"datePublished\":\"2022-12-13T20:26:02+00:00\",\"dateModified\":\"2023-01-13T20:30:03+00:00\",\"breadcrumb\":{\"@id\":\"https:\/\/timberspecialties.com\/fr\/produits\/nw100\/#breadcrumb\"},\"inLanguage\":\"en-US\",\"potentialAction\":[{\"@type\":\"ReadAction\",\"target\":[\"https:\/\/timberspecialties.com\/fr\/produits\/nw100\/\"]}]},{\"@type\":\"ImageObject\",\"inLanguage\":\"en-US\",\"@id\":\"https:\/\/timberspecialties.com\/fr\/produits\/nw100\/#primaryimage\",\"url\":\"https:\/\/timberspecialties.com\/fr\/wp-content\/uploads\/sites\/2\/2022\/12\/NW100Logo-F.png\",\"contentUrl\":\"https:\/\/timberspecialties.com\/fr\/wp-content\/uploads\/sites\/2\/2022\/12\/NW100Logo-F.png\",\"width\":540,\"height\":270},{\"@type\":\"BreadcrumbList\",\"@id\":\"https:\/\/timberspecialties.com\/fr\/produits\/nw100\/#breadcrumb\",\"itemListElement\":[{\"@type\":\"ListItem\",\"position\":1,\"name\":\"Home\",\"item\":\"https:\/\/timberspecialties.com\/fr\/\"},{\"@type\":\"ListItem\",\"position\":2,\"name\":\"Products\",\"item\":\"https:\/\/timberspecialties.com\/fr\/products\/\"},{\"@type\":\"ListItem\",\"position\":3,\"name\":\"NW100\"}]},{\"@type\":\"WebSite\",\"@id\":\"https:\/\/timberspecialties.com\/fr\/#website\",\"url\":\"https:\/\/timberspecialties.com\/fr\/\",\"name\":\"Timber Specialties\",\"description\":\"\",\"publisher\":{\"@id\":\"https:\/\/timberspecialties.com\/fr\/#organization\"},\"potentialAction\":[{\"@type\":\"SearchAction\",\"target\":{\"@type\":\"EntryPoint\",\"urlTemplate\":\"https:\/\/timberspecialties.com\/fr\/?s={search_term_string}\"},\"query-input\":{\"@type\":\"PropertyValueSpecification\",\"valueRequired\":true,\"valueName\":\"search_term_string\"}}],\"inLanguage\":\"en-US\"},{\"@type\":\"Organization\",\"@id\":\"https:\/\/timberspecialties.com\/fr\/#organization\",\"name\":\"Timber Specialties\",\"url\":\"https:\/\/timberspecialties.com\/fr\/\",\"logo\":{\"@type\":\"ImageObject\",\"inLanguage\":\"en-US\",\"@id\":\"https:\/\/timberspecialties.com\/fr\/#\/schema\/logo\/image\/\",\"url\":\"https:\/\/timberspecialties.com\/fr\/wp-content\/uploads\/sites\/2\/2022\/12\/logo-timber-specialities.png\",\"contentUrl\":\"https:\/\/timberspecialties.com\/fr\/wp-content\/uploads\/sites\/2\/2022\/12\/logo-timber-specialities.png\",\"width\":300,\"height\":124,\"caption\":\"Timber Specialties\"},\"image\":{\"@id\":\"https:\/\/timberspecialties.com\/fr\/#\/schema\/logo\/image\/\"}}]}<\/script>\n<!-- \/ Yoast SEO plugin. -->","yoast_head_json":{"title":"NW100 - Timber Specialties (French)","robots":{"index":"index","follow":"follow","max-snippet":"max-snippet:-1","max-image-preview":"max-image-preview:large","max-video-preview":"max-video-preview:-1"},"canonical":"https:\/\/timberspecialties.com\/fr\/produits\/nw100\/","og_locale":"en_US","og_type":"article","og_title":"NW100 - Timber Specialties (French)","og_description":"NW100MD est un syst\u00e8me de pr\u00e9servation pr\u00e9par\u00e9 \u00e0 partir de compos\u00e9s quaternaires alcalins du cuivre et destin\u00e9 au traitement sous pression des produits du bois. Les principaux ingr\u00e9dients actifs sont le cuivre et des compos\u00e9s quaternaires. Le cuivre est reconnu depuis longtemps comme un agent de pr\u00e9servation du bois efficace. Le cuivre et les compos\u00e9s quaternaires assurent ensemble une protection \u00e0 long terme et \u00e0 large spectre pour le bois apparent, dans les applications ext\u00e9rieures. Le syst\u00e8me de pr\u00e9servation NW100 est utilis\u00e9 dans le traitement sous pression des produits du bois en applications ext\u00e9rieures, tant au-dessus du sol qu\u2019en contact avec le sol, y compris&nbsp;: RENSEIGNEMENTS SUR L\u2019APPLICATION&nbsp;: Prot\u00e9ger les coupes de bout, les trous de per\u00e7age et les autres coupes r\u00e9alis\u00e9es au chantier. Pour les \u00e9l\u00e9ments de bois de construction trait\u00e9s \u00e0 l\u2019agent NW100 et le bois trait\u00e9 utilis\u00e9 dans les applications en contact avec le sol, un agent...","og_url":"https:\/\/timberspecialties.com\/fr\/produits\/nw100\/","og_site_name":"Timber Specialties (French)","article_modified_time":"2023-01-13T20:30:03+00:00","og_image":[{"width":540,"height":270,"url":"http:\/\/timberspecialties.com\/fr\/wp-content\/uploads\/sites\/2\/2022\/12\/NW100Logo-F.png","type":"image\/png"}],"twitter_card":"summary_large_image","twitter_misc":{"Est. reading time":"8 minutes"},"schema":{"@context":"https:\/\/schema.org","@graph":[{"@type":"WebPage","@id":"https:\/\/timberspecialties.com\/fr\/produits\/nw100\/","url":"https:\/\/timberspecialties.com\/fr\/produits\/nw100\/","name":"NW100 - Timber Specialties (French)","isPartOf":{"@id":"https:\/\/timberspecialties.com\/fr\/#website"},"primaryImageOfPage":{"@id":"https:\/\/timberspecialties.com\/fr\/produits\/nw100\/#primaryimage"},"image":{"@id":"https:\/\/timberspecialties.com\/fr\/produits\/nw100\/#primaryimage"},"thumbnailUrl":"https:\/\/timberspecialties.com\/fr\/wp-content\/uploads\/sites\/2\/2022\/12\/NW100Logo-F.png","datePublished":"2022-12-13T20:26:02+00:00","dateModified":"2023-01-13T20:30:03+00:00","breadcrumb":{"@id":"https:\/\/timberspecialties.com\/fr\/produits\/nw100\/#breadcrumb"},"inLanguage":"en-US","potentialAction":[{"@type":"ReadAction","target":["https:\/\/timberspecialties.com\/fr\/produits\/nw100\/"]}]},{"@type":"ImageObject","inLanguage":"en-US","@id":"https:\/\/timberspecialties.com\/fr\/produits\/nw100\/#primaryimage","url":"https:\/\/timberspecialties.com\/fr\/wp-content\/uploads\/sites\/2\/2022\/12\/NW100Logo-F.png","contentUrl":"https:\/\/timberspecialties.com\/fr\/wp-content\/uploads\/sites\/2\/2022\/12\/NW100Logo-F.png","width":540,"height":270},{"@type":"BreadcrumbList","@id":"https:\/\/timberspecialties.com\/fr\/produits\/nw100\/#breadcrumb","itemListElement":[{"@type":"ListItem","position":1,"name":"Home","item":"https:\/\/timberspecialties.com\/fr\/"},{"@type":"ListItem","position":2,"name":"Products","item":"https:\/\/timberspecialties.com\/fr\/products\/"},{"@type":"ListItem","position":3,"name":"NW100"}]},{"@type":"WebSite","@id":"https:\/\/timberspecialties.com\/fr\/#website","url":"https:\/\/timberspecialties.com\/fr\/","name":"Timber Specialties","description":"","publisher":{"@id":"https:\/\/timberspecialties.com\/fr\/#organization"},"potentialAction":[{"@type":"SearchAction","target":{"@type":"EntryPoint","urlTemplate":"https:\/\/timberspecialties.com\/fr\/?s={search_term_string}"},"query-input":{"@type":"PropertyValueSpecification","valueRequired":true,"valueName":"search_term_string"}}],"inLanguage":"en-US"},{"@type":"Organization","@id":"https:\/\/timberspecialties.com\/fr\/#organization","name":"Timber Specialties","url":"https:\/\/timberspecialties.com\/fr\/","logo":{"@type":"ImageObject","inLanguage":"en-US","@id":"https:\/\/timberspecialties.com\/fr\/#\/schema\/logo\/image\/","url":"https:\/\/timberspecialties.com\/fr\/wp-content\/uploads\/sites\/2\/2022\/12\/logo-timber-specialities.png","contentUrl":"https:\/\/timberspecialties.com\/fr\/wp-content\/uploads\/sites\/2\/2022\/12\/logo-timber-specialities.png","width":300,"height":124,"caption":"Timber Specialties"},"image":{"@id":"https:\/\/timberspecialties.com\/fr\/#\/schema\/logo\/image\/"}}]}},"_links":{"self":[{"href":"https:\/\/timberspecialties.com\/fr\/wp-json\/wp\/v2\/product\/34","targetHints":{"allow":["GET"]}}],"collection":[{"href":"https:\/\/timberspecialties.com\/fr\/wp-json\/wp\/v2\/product"}],"about":[{"href":"https:\/\/timberspecialties.com\/fr\/wp-json\/wp\/v2\/types\/product"}],"wp:featuredmedia":[{"embeddable":true,"href":"https:\/\/timberspecialties.com\/fr\/wp-json\/wp\/v2\/media\/110"}],"wp:attachment":[{"href":"https:\/\/timberspecialties.com\/fr\/wp-json\/wp\/v2\/media?parent=34"}],"curies":[{"name":"wp","href":"https:\/\/api.w.org\/{rel}","templated":true}]}}