{"id":32,"date":"2022-12-13T20:25:29","date_gmt":"2022-12-13T20:25:29","guid":{"rendered":"https:\/\/timberspecialties.com\/fr\/?post_type=product&#038;p=32"},"modified":"2025-09-10T16:48:08","modified_gmt":"2025-09-10T16:48:08","slug":"flamepro","status":"publish","type":"product","link":"https:\/\/timberspecialties.com\/fr\/produits\/flamepro\/","title":{"rendered":"FlamePRO"},"content":{"rendered":"<div class=\"wp-block-image\">\n<figure class=\"aligncenter size-full\"><img loading=\"lazy\" decoding=\"async\" width=\"540\" height=\"270\" src=\"https:\/\/timberspecialties.com\/fr\/wp-content\/uploads\/sites\/2\/2022\/12\/FlamePRO-Logo-F.png\" alt=\"\" class=\"wp-image-106\" srcset=\"https:\/\/timberspecialties.com\/fr\/wp-content\/uploads\/sites\/2\/2022\/12\/FlamePRO-Logo-F.png 540w, https:\/\/timberspecialties.com\/fr\/wp-content\/uploads\/sites\/2\/2022\/12\/FlamePRO-Logo-F-300x150.png 300w\" sizes=\"auto, (max-width: 540px) 100vw, 540px\" \/><\/figure><\/div>\n\n\n<p>Le bois trait\u00e9 ignifuge (BTI) de marque FlamePRO<sup>MD<\/sup> est un produit de bois d\u2019\u0153uvre et de contreplaqu\u00e9 impr\u00e9gn\u00e9 sous pression de produits chimiques ignifuges FlamePRO haute temp\u00e9rature (HT) de type&nbsp;A pour int\u00e9rieur. Le produit d\u2019ignifugeage de marque FlamePRO est une formulation \u00e0 l\u2019efficacit\u00e9 \u00e9prouv\u00e9e bas\u00e9e sur la norme&nbsp;P50 sur l\u2019ignifugeage (<em>Standard For Fire Retardant<\/em>) de l\u2019American Wood Protection Association. Le produit de bois d\u2019\u0153uvre et contreplaqu\u00e9 ignifuge FlamePro satisfait aux exigences visant le BTI qui sont r\u00e9pertori\u00e9es dans l\u2019<em>International Code Council Acceptance Criteria ICC&nbsp;AC66,<\/em> conform\u00e9ment \u00e0 <em>l\u2019International Residential Code<\/em> (IRC \u2013 code r\u00e9sidentiel international) et \u00e0 l\u2019<em>International Building Code<\/em> (IBC \u2013 code du b\u00e2timent international).<\/p>\n\n\n\n<p>Pour obtenir plus de renseignements (en anglais), visitez la page&nbsp;<a href=\"http:\/\/www.koppersperformancechemicals.com\/flamepro\/\" target=\"_blank\" rel=\"noreferrer noopener\">www.koppersperformancechemicals.com\/flamepro\/<\/a> OU <a href=\"http:\/\/www.flameprofrtw.com\" target=\"_blank\" rel=\"noreferrer noopener\">www.flameprofrtw.com<\/a><\/p>\n\n\n\n<div style=\"height:30px\" aria-hidden=\"true\" class=\"wp-block-spacer\"><\/div>\n\n\n\n<div class=\"wp-block-file\"><a id=\"wp-block-file--media-d2f65018-4165-445d-aaea-9abe8ec0f43c\" href=\"http:\/\/timberspecialties.com\/fr\/wp-content\/uploads\/sites\/2\/2025\/09\/FlamePRO-Brochure-F-Canada.pdf\" target=\"_blank\" rel=\"noreferrer noopener\">Brochure de bois trait\u00e9 avec ignifugeant FlamePRO<\/a><\/div>\n\n\n\n<div class=\"wp-block-file\"><a id=\"wp-block-file--media-94231e76-177d-41fe-84ff-82129029899d\" href=\"http:\/\/timberspecialties.com\/fr\/wp-content\/uploads\/sites\/2\/2025\/09\/FlamePRO-TopReasons-F-Canada.pdf\" target=\"_blank\" rel=\"noreferrer noopener\">Raisons prioritaires d\u2019utiliser les produits de bois trait\u00e9s avec ignifugeant FlamePRO<\/a><\/div>\n\n\n\n<div class=\"wp-block-file\"><a id=\"wp-block-file--media-44d4e0a4-9c76-414f-87e3-a11bab2043d0\" href=\"http:\/\/timberspecialties.com\/fr\/wp-content\/uploads\/sites\/2\/2022\/12\/ESR-4244-071320-F.pdf\" target=\"_blank\" rel=\"noreferrer noopener\">Rapport ESR (<em>Evaluation Service Report<\/em>), FlamePRO<\/a><\/div>\n\n\n\n<div class=\"wp-block-file\"><a id=\"wp-block-file--media-7ac04382-a45b-4007-8b51-edbdf329e7bd\" href=\"http:\/\/timberspecialties.com\/fr\/wp-content\/uploads\/sites\/2\/2022\/12\/305-TIM-F-Wood-Treated-with-FlamePRO-SDS-CDN-French.pdf\" target=\"_blank\" rel=\"noreferrer noopener\">Bois trait\u00e9 FlamePRO, Fiche Signal\u00e9tique<\/a><\/div>\n\n\n\n<div class=\"wp-block-file\"><a id=\"wp-block-file--media-4b5c0ea7-fd50-4496-9ced-169be8144877\" href=\"http:\/\/timberspecialties.com\/fr\/wp-content\/uploads\/sites\/2\/2022\/12\/306-TIM-F-Plywood-Treated-with-FlamePRO-SDS-CDN-French.pdf\" target=\"_blank\" rel=\"noreferrer noopener\">Contreplaqu\u00e9 trait\u00e9 FlamePRO, Fiche Signal\u00e9tique<\/a><\/div>\n\n\n\n<div class=\"wp-block-file\"><a id=\"wp-block-file--media-ce0134f1-ab8b-4930-90a6-5f13ce29d41b\" href=\"http:\/\/timberspecialties.com\/fr\/wp-content\/uploads\/sites\/2\/2025\/09\/FlamePRO-Warranty-F-Canada.pdf\" target=\"_blank\" rel=\"noreferrer noopener\">Garantie limit\u00e9e de 50 ans sur le bois trait\u00e9 avec ignifugeant FlamePRO<sup>MD<\/sup> \u2013 Canada<\/a><\/div>\n\n\n\n<p><\/p>\n","protected":false},"featured_media":106,"menu_order":2,"template":"","class_list":["post-32","product","type-product","status-publish","has-post-thumbnail","hentry"],"acf":[],"yoast_head":"<!-- This site is optimized with the Yoast SEO plugin v25.7 - https:\/\/yoast.com\/wordpress\/plugins\/seo\/ -->\n<title>FlamePRO - Timber Specialties (French)<\/title>\n<meta name=\"robots\" content=\"index, follow, max-snippet:-1, max-image-preview:large, max-video-preview:-1\" \/>\n<link rel=\"canonical\" href=\"https:\/\/timberspecialties.com\/fr\/produits\/flamepro\/\" \/>\n<meta property=\"og:locale\" content=\"en_US\" \/>\n<meta property=\"og:type\" content=\"article\" \/>\n<meta property=\"og:title\" content=\"FlamePRO - Timber Specialties (French)\" \/>\n<meta property=\"og:description\" content=\"Le bois trait\u00e9 ignifuge (BTI) de marque FlamePROMD est un produit de bois d\u2019\u0153uvre et de contreplaqu\u00e9 impr\u00e9gn\u00e9 sous pression de produits chimiques ignifuges FlamePRO haute temp\u00e9rature (HT) de type&nbsp;A pour int\u00e9rieur. Le produit d\u2019ignifugeage de marque FlamePRO est une formulation \u00e0 l\u2019efficacit\u00e9 \u00e9prouv\u00e9e bas\u00e9e sur la norme&nbsp;P50 sur l\u2019ignifugeage (Standard For Fire Retardant) de l\u2019American Wood Protection Association. Le produit de bois d\u2019\u0153uvre et contreplaqu\u00e9 ignifuge FlamePro satisfait aux exigences visant le BTI qui sont r\u00e9pertori\u00e9es dans l\u2019International Code Council Acceptance Criteria ICC&nbsp;AC66, conform\u00e9ment \u00e0 l\u2019International Residential Code (IRC \u2013 code r\u00e9sidentiel international) et \u00e0 l\u2019International Building Code (IBC \u2013 code du b\u00e2timent international). Pour obtenir plus de renseignements (en anglais), visitez la page&nbsp;www.koppersperformancechemicals.com\/flamepro\/ OU www.flameprofrtw.com\" \/>\n<meta property=\"og:url\" content=\"https:\/\/timberspecialties.com\/fr\/produits\/flamepro\/\" \/>\n<meta property=\"og:site_name\" content=\"Timber Specialties (French)\" \/>\n<meta property=\"article:modified_time\" content=\"2025-09-10T16:48:08+00:00\" \/>\n<meta property=\"og:image\" content=\"http:\/\/timberspecialties.com\/fr\/wp-content\/uploads\/sites\/2\/2022\/12\/FlamePRO-Logo-F.png\" \/>\n\t<meta property=\"og:image:width\" content=\"540\" \/>\n\t<meta property=\"og:image:height\" content=\"270\" \/>\n\t<meta property=\"og:image:type\" content=\"image\/png\" \/>\n<meta name=\"twitter:card\" content=\"summary_large_image\" \/>\n<meta name=\"twitter:label1\" content=\"Est. reading time\" \/>\n\t<meta name=\"twitter:data1\" content=\"2 minutes\" \/>\n<script type=\"application\/ld+json\" class=\"yoast-schema-graph\">{\"@context\":\"https:\/\/schema.org\",\"@graph\":[{\"@type\":\"WebPage\",\"@id\":\"https:\/\/timberspecialties.com\/fr\/produits\/flamepro\/\",\"url\":\"https:\/\/timberspecialties.com\/fr\/produits\/flamepro\/\",\"name\":\"FlamePRO - Timber Specialties (French)\",\"isPartOf\":{\"@id\":\"https:\/\/timberspecialties.com\/fr\/#website\"},\"primaryImageOfPage\":{\"@id\":\"https:\/\/timberspecialties.com\/fr\/produits\/flamepro\/#primaryimage\"},\"image\":{\"@id\":\"https:\/\/timberspecialties.com\/fr\/produits\/flamepro\/#primaryimage\"},\"thumbnailUrl\":\"https:\/\/timberspecialties.com\/fr\/wp-content\/uploads\/sites\/2\/2022\/12\/FlamePRO-Logo-F.png\",\"datePublished\":\"2022-12-13T20:25:29+00:00\",\"dateModified\":\"2025-09-10T16:48:08+00:00\",\"breadcrumb\":{\"@id\":\"https:\/\/timberspecialties.com\/fr\/produits\/flamepro\/#breadcrumb\"},\"inLanguage\":\"en-US\",\"potentialAction\":[{\"@type\":\"ReadAction\",\"target\":[\"https:\/\/timberspecialties.com\/fr\/produits\/flamepro\/\"]}]},{\"@type\":\"ImageObject\",\"inLanguage\":\"en-US\",\"@id\":\"https:\/\/timberspecialties.com\/fr\/produits\/flamepro\/#primaryimage\",\"url\":\"https:\/\/timberspecialties.com\/fr\/wp-content\/uploads\/sites\/2\/2022\/12\/FlamePRO-Logo-F.png\",\"contentUrl\":\"https:\/\/timberspecialties.com\/fr\/wp-content\/uploads\/sites\/2\/2022\/12\/FlamePRO-Logo-F.png\",\"width\":540,\"height\":270},{\"@type\":\"BreadcrumbList\",\"@id\":\"https:\/\/timberspecialties.com\/fr\/produits\/flamepro\/#breadcrumb\",\"itemListElement\":[{\"@type\":\"ListItem\",\"position\":1,\"name\":\"Home\",\"item\":\"https:\/\/timberspecialties.com\/fr\/\"},{\"@type\":\"ListItem\",\"position\":2,\"name\":\"Products\",\"item\":\"https:\/\/timberspecialties.com\/fr\/products\/\"},{\"@type\":\"ListItem\",\"position\":3,\"name\":\"FlamePRO\"}]},{\"@type\":\"WebSite\",\"@id\":\"https:\/\/timberspecialties.com\/fr\/#website\",\"url\":\"https:\/\/timberspecialties.com\/fr\/\",\"name\":\"Timber Specialties\",\"description\":\"\",\"publisher\":{\"@id\":\"https:\/\/timberspecialties.com\/fr\/#organization\"},\"potentialAction\":[{\"@type\":\"SearchAction\",\"target\":{\"@type\":\"EntryPoint\",\"urlTemplate\":\"https:\/\/timberspecialties.com\/fr\/?s={search_term_string}\"},\"query-input\":{\"@type\":\"PropertyValueSpecification\",\"valueRequired\":true,\"valueName\":\"search_term_string\"}}],\"inLanguage\":\"en-US\"},{\"@type\":\"Organization\",\"@id\":\"https:\/\/timberspecialties.com\/fr\/#organization\",\"name\":\"Timber Specialties\",\"url\":\"https:\/\/timberspecialties.com\/fr\/\",\"logo\":{\"@type\":\"ImageObject\",\"inLanguage\":\"en-US\",\"@id\":\"https:\/\/timberspecialties.com\/fr\/#\/schema\/logo\/image\/\",\"url\":\"https:\/\/timberspecialties.com\/fr\/wp-content\/uploads\/sites\/2\/2022\/12\/logo-timber-specialities.png\",\"contentUrl\":\"https:\/\/timberspecialties.com\/fr\/wp-content\/uploads\/sites\/2\/2022\/12\/logo-timber-specialities.png\",\"width\":300,\"height\":124,\"caption\":\"Timber Specialties\"},\"image\":{\"@id\":\"https:\/\/timberspecialties.com\/fr\/#\/schema\/logo\/image\/\"}}]}<\/script>\n<!-- \/ Yoast SEO plugin. -->","yoast_head_json":{"title":"FlamePRO - Timber Specialties (French)","robots":{"index":"index","follow":"follow","max-snippet":"max-snippet:-1","max-image-preview":"max-image-preview:large","max-video-preview":"max-video-preview:-1"},"canonical":"https:\/\/timberspecialties.com\/fr\/produits\/flamepro\/","og_locale":"en_US","og_type":"article","og_title":"FlamePRO - Timber Specialties (French)","og_description":"Le bois trait\u00e9 ignifuge (BTI) de marque FlamePROMD est un produit de bois d\u2019\u0153uvre et de contreplaqu\u00e9 impr\u00e9gn\u00e9 sous pression de produits chimiques ignifuges FlamePRO haute temp\u00e9rature (HT) de type&nbsp;A pour int\u00e9rieur. Le produit d\u2019ignifugeage de marque FlamePRO est une formulation \u00e0 l\u2019efficacit\u00e9 \u00e9prouv\u00e9e bas\u00e9e sur la norme&nbsp;P50 sur l\u2019ignifugeage (Standard For Fire Retardant) de l\u2019American Wood Protection Association. Le produit de bois d\u2019\u0153uvre et contreplaqu\u00e9 ignifuge FlamePro satisfait aux exigences visant le BTI qui sont r\u00e9pertori\u00e9es dans l\u2019International Code Council Acceptance Criteria ICC&nbsp;AC66, conform\u00e9ment \u00e0 l\u2019International Residential Code (IRC \u2013 code r\u00e9sidentiel international) et \u00e0 l\u2019International Building Code (IBC \u2013 code du b\u00e2timent international). Pour obtenir plus de renseignements (en anglais), visitez la page&nbsp;www.koppersperformancechemicals.com\/flamepro\/ OU www.flameprofrtw.com","og_url":"https:\/\/timberspecialties.com\/fr\/produits\/flamepro\/","og_site_name":"Timber Specialties (French)","article_modified_time":"2025-09-10T16:48:08+00:00","og_image":[{"width":540,"height":270,"url":"http:\/\/timberspecialties.com\/fr\/wp-content\/uploads\/sites\/2\/2022\/12\/FlamePRO-Logo-F.png","type":"image\/png"}],"twitter_card":"summary_large_image","twitter_misc":{"Est. reading time":"2 minutes"},"schema":{"@context":"https:\/\/schema.org","@graph":[{"@type":"WebPage","@id":"https:\/\/timberspecialties.com\/fr\/produits\/flamepro\/","url":"https:\/\/timberspecialties.com\/fr\/produits\/flamepro\/","name":"FlamePRO - Timber Specialties (French)","isPartOf":{"@id":"https:\/\/timberspecialties.com\/fr\/#website"},"primaryImageOfPage":{"@id":"https:\/\/timberspecialties.com\/fr\/produits\/flamepro\/#primaryimage"},"image":{"@id":"https:\/\/timberspecialties.com\/fr\/produits\/flamepro\/#primaryimage"},"thumbnailUrl":"https:\/\/timberspecialties.com\/fr\/wp-content\/uploads\/sites\/2\/2022\/12\/FlamePRO-Logo-F.png","datePublished":"2022-12-13T20:25:29+00:00","dateModified":"2025-09-10T16:48:08+00:00","breadcrumb":{"@id":"https:\/\/timberspecialties.com\/fr\/produits\/flamepro\/#breadcrumb"},"inLanguage":"en-US","potentialAction":[{"@type":"ReadAction","target":["https:\/\/timberspecialties.com\/fr\/produits\/flamepro\/"]}]},{"@type":"ImageObject","inLanguage":"en-US","@id":"https:\/\/timberspecialties.com\/fr\/produits\/flamepro\/#primaryimage","url":"https:\/\/timberspecialties.com\/fr\/wp-content\/uploads\/sites\/2\/2022\/12\/FlamePRO-Logo-F.png","contentUrl":"https:\/\/timberspecialties.com\/fr\/wp-content\/uploads\/sites\/2\/2022\/12\/FlamePRO-Logo-F.png","width":540,"height":270},{"@type":"BreadcrumbList","@id":"https:\/\/timberspecialties.com\/fr\/produits\/flamepro\/#breadcrumb","itemListElement":[{"@type":"ListItem","position":1,"name":"Home","item":"https:\/\/timberspecialties.com\/fr\/"},{"@type":"ListItem","position":2,"name":"Products","item":"https:\/\/timberspecialties.com\/fr\/products\/"},{"@type":"ListItem","position":3,"name":"FlamePRO"}]},{"@type":"WebSite","@id":"https:\/\/timberspecialties.com\/fr\/#website","url":"https:\/\/timberspecialties.com\/fr\/","name":"Timber Specialties","description":"","publisher":{"@id":"https:\/\/timberspecialties.com\/fr\/#organization"},"potentialAction":[{"@type":"SearchAction","target":{"@type":"EntryPoint","urlTemplate":"https:\/\/timberspecialties.com\/fr\/?s={search_term_string}"},"query-input":{"@type":"PropertyValueSpecification","valueRequired":true,"valueName":"search_term_string"}}],"inLanguage":"en-US"},{"@type":"Organization","@id":"https:\/\/timberspecialties.com\/fr\/#organization","name":"Timber Specialties","url":"https:\/\/timberspecialties.com\/fr\/","logo":{"@type":"ImageObject","inLanguage":"en-US","@id":"https:\/\/timberspecialties.com\/fr\/#\/schema\/logo\/image\/","url":"https:\/\/timberspecialties.com\/fr\/wp-content\/uploads\/sites\/2\/2022\/12\/logo-timber-specialities.png","contentUrl":"https:\/\/timberspecialties.com\/fr\/wp-content\/uploads\/sites\/2\/2022\/12\/logo-timber-specialities.png","width":300,"height":124,"caption":"Timber Specialties"},"image":{"@id":"https:\/\/timberspecialties.com\/fr\/#\/schema\/logo\/image\/"}}]}},"_links":{"self":[{"href":"https:\/\/timberspecialties.com\/fr\/wp-json\/wp\/v2\/product\/32","targetHints":{"allow":["GET"]}}],"collection":[{"href":"https:\/\/timberspecialties.com\/fr\/wp-json\/wp\/v2\/product"}],"about":[{"href":"https:\/\/timberspecialties.com\/fr\/wp-json\/wp\/v2\/types\/product"}],"wp:featuredmedia":[{"embeddable":true,"href":"https:\/\/timberspecialties.com\/fr\/wp-json\/wp\/v2\/media\/106"}],"wp:attachment":[{"href":"https:\/\/timberspecialties.com\/fr\/wp-json\/wp\/v2\/media?parent=32"}],"curies":[{"name":"wp","href":"https:\/\/api.w.org\/{rel}","templated":true}]}}