{"id":31,"date":"2022-12-13T20:25:17","date_gmt":"2022-12-13T20:25:17","guid":{"rendered":"https:\/\/timberspecialties.com\/fr\/?post_type=product&#038;p=31"},"modified":"2023-01-13T20:32:39","modified_gmt":"2023-01-13T20:32:39","slug":"k-33-aac","status":"publish","type":"product","link":"https:\/\/timberspecialties.com\/fr\/produits\/k-33-aac\/","title":{"rendered":"K-33 ACC"},"content":{"rendered":"<div class=\"wp-block-image\">\n<figure class=\"aligncenter size-full\"><img loading=\"lazy\" decoding=\"async\" width=\"540\" height=\"270\" src=\"https:\/\/timberspecialties.com\/fr\/wp-content\/uploads\/sites\/2\/2022\/12\/K-33-CCA-Logo-F.png\" alt=\"\" class=\"wp-image-107\" srcset=\"https:\/\/timberspecialties.com\/fr\/wp-content\/uploads\/sites\/2\/2022\/12\/K-33-CCA-Logo-F.png 540w, https:\/\/timberspecialties.com\/fr\/wp-content\/uploads\/sites\/2\/2022\/12\/K-33-CCA-Logo-F-300x150.png 300w\" sizes=\"auto, (max-width: 540px) 100vw, 540px\" \/><\/figure><\/div>\n\n\n<p>K-33<sup>MD<\/sup> est un agent de pr\u00e9servation du bois \u00e0 base d\u2019ars\u00e9niate de cuivre chromat\u00e9 (ACC), utilis\u00e9 dans le traitement sous pression du bois pour aider \u00e0 le prot\u00e9ger contre la carie fongique et l\u2019attaque des termites.<\/p>\n\n\n\n<p>Applications types des produits de bois trait\u00e9 \u00e0 l\u2019ACC&nbsp;:<\/p>\n\n\n\n<ul class=\"wp-block-list\">\n<li>Poteaux de lignes \u00e9lectriques\/t\u00e9l\u00e9phoniques<\/li>\n\n\n\n<li>Pieux de fondation<\/li>\n\n\n\n<li>Usages routiers<\/li>\n\n\n\n<li>Usages en eaux sal\u00e9es (marines)<\/li>\n\n\n\n<li>Fondations en bois permanentes<\/li>\n\n\n\n<li>Gros bois d\u2019\u0153uvre, poteaux et barres pour usages agricoles<\/li>\n<\/ul>\n\n\n\n<div class=\"wp-block-file\"><a id=\"wp-block-file--media-ea18bc34-1b3f-4dd7-8758-2de1717262d7\" href=\"https:\/\/timberspecialties.com\/fr\/wp-content\/uploads\/sites\/2\/2022\/12\/CCA-Label-Guidance-for-Use-of-CCA-H113-5-2006-7French.pdf\" target=\"_blank\" rel=\"noreferrer noopener\">Cliquez ici pour t\u00e9l\u00e9charger la liste des usages permis de l\u2019ACC au Canada<\/a><\/div>\n\n\n\n<div class=\"wp-block-file\"><a id=\"wp-block-file--media-3e6e43eb-5c36-46df-9c1b-b846c612a788\" href=\"http:\/\/timberspecialties.com\/fr\/wp-content\/uploads\/sites\/2\/2022\/12\/CCA-SafetyInfoSheet-French.pdf\" target=\"_blank\" rel=\"noreferrer noopener\">Cliquez ici pour obtenir des renseignements sur l&#8217;utilisation et la manipulation.<\/a><\/div>\n\n\n\n<div class=\"wp-block-file\"><a id=\"wp-block-file--media-af77d931-b565-42fe-aeca-27e3ac5d1fb5\" href=\"https:\/\/timberspecialties.com\/fr\/wp-content\/uploads\/sites\/2\/2022\/12\/244-TIM-E-Chromated-Copper-Arsenate-CCA-Treated-Wood-SDS-CDN-English-REV3.pdf\" target=\"_blank\" rel=\"noreferrer noopener\">Cliquez ici pour consulter la fiche signal\u00e9tique.<\/a><\/div>\n","protected":false},"featured_media":107,"menu_order":3,"template":"","class_list":["post-31","product","type-product","status-publish","has-post-thumbnail","hentry"],"acf":[],"yoast_head":"<!-- This site is optimized with the Yoast SEO plugin v25.7 - https:\/\/yoast.com\/wordpress\/plugins\/seo\/ -->\n<title>K-33 ACC - Timber Specialties (French)<\/title>\n<meta name=\"robots\" content=\"index, follow, max-snippet:-1, max-image-preview:large, max-video-preview:-1\" \/>\n<link rel=\"canonical\" href=\"https:\/\/timberspecialties.com\/fr\/produits\/k-33-aac\/\" \/>\n<meta property=\"og:locale\" content=\"en_US\" \/>\n<meta property=\"og:type\" content=\"article\" \/>\n<meta property=\"og:title\" content=\"K-33 ACC - Timber Specialties (French)\" \/>\n<meta property=\"og:description\" content=\"K-33MD est un agent de pr\u00e9servation du bois \u00e0 base d\u2019ars\u00e9niate de cuivre chromat\u00e9 (ACC), utilis\u00e9 dans le traitement sous pression du bois pour aider \u00e0 le prot\u00e9ger contre la carie fongique et l\u2019attaque des termites. Applications types des produits de bois trait\u00e9 \u00e0 l\u2019ACC&nbsp;:\" \/>\n<meta property=\"og:url\" content=\"https:\/\/timberspecialties.com\/fr\/produits\/k-33-aac\/\" \/>\n<meta property=\"og:site_name\" content=\"Timber Specialties (French)\" \/>\n<meta property=\"article:modified_time\" content=\"2023-01-13T20:32:39+00:00\" \/>\n<meta property=\"og:image\" content=\"http:\/\/timberspecialties.com\/fr\/wp-content\/uploads\/sites\/2\/2022\/12\/K-33-CCA-Logo-F.png\" \/>\n\t<meta property=\"og:image:width\" content=\"540\" \/>\n\t<meta property=\"og:image:height\" content=\"270\" \/>\n\t<meta property=\"og:image:type\" content=\"image\/png\" \/>\n<meta name=\"twitter:card\" content=\"summary_large_image\" \/>\n<meta name=\"twitter:label1\" content=\"Est. reading time\" \/>\n\t<meta name=\"twitter:data1\" content=\"1 minute\" \/>\n<script type=\"application\/ld+json\" class=\"yoast-schema-graph\">{\"@context\":\"https:\/\/schema.org\",\"@graph\":[{\"@type\":\"WebPage\",\"@id\":\"https:\/\/timberspecialties.com\/fr\/produits\/k-33-aac\/\",\"url\":\"https:\/\/timberspecialties.com\/fr\/produits\/k-33-aac\/\",\"name\":\"K-33 ACC - Timber Specialties (French)\",\"isPartOf\":{\"@id\":\"https:\/\/timberspecialties.com\/fr\/#website\"},\"primaryImageOfPage\":{\"@id\":\"https:\/\/timberspecialties.com\/fr\/produits\/k-33-aac\/#primaryimage\"},\"image\":{\"@id\":\"https:\/\/timberspecialties.com\/fr\/produits\/k-33-aac\/#primaryimage\"},\"thumbnailUrl\":\"https:\/\/timberspecialties.com\/fr\/wp-content\/uploads\/sites\/2\/2022\/12\/K-33-CCA-Logo-F.png\",\"datePublished\":\"2022-12-13T20:25:17+00:00\",\"dateModified\":\"2023-01-13T20:32:39+00:00\",\"breadcrumb\":{\"@id\":\"https:\/\/timberspecialties.com\/fr\/produits\/k-33-aac\/#breadcrumb\"},\"inLanguage\":\"en-US\",\"potentialAction\":[{\"@type\":\"ReadAction\",\"target\":[\"https:\/\/timberspecialties.com\/fr\/produits\/k-33-aac\/\"]}]},{\"@type\":\"ImageObject\",\"inLanguage\":\"en-US\",\"@id\":\"https:\/\/timberspecialties.com\/fr\/produits\/k-33-aac\/#primaryimage\",\"url\":\"https:\/\/timberspecialties.com\/fr\/wp-content\/uploads\/sites\/2\/2022\/12\/K-33-CCA-Logo-F.png\",\"contentUrl\":\"https:\/\/timberspecialties.com\/fr\/wp-content\/uploads\/sites\/2\/2022\/12\/K-33-CCA-Logo-F.png\",\"width\":540,\"height\":270},{\"@type\":\"BreadcrumbList\",\"@id\":\"https:\/\/timberspecialties.com\/fr\/produits\/k-33-aac\/#breadcrumb\",\"itemListElement\":[{\"@type\":\"ListItem\",\"position\":1,\"name\":\"Home\",\"item\":\"https:\/\/timberspecialties.com\/fr\/\"},{\"@type\":\"ListItem\",\"position\":2,\"name\":\"Products\",\"item\":\"https:\/\/timberspecialties.com\/fr\/products\/\"},{\"@type\":\"ListItem\",\"position\":3,\"name\":\"K-33 ACC\"}]},{\"@type\":\"WebSite\",\"@id\":\"https:\/\/timberspecialties.com\/fr\/#website\",\"url\":\"https:\/\/timberspecialties.com\/fr\/\",\"name\":\"Timber Specialties\",\"description\":\"\",\"publisher\":{\"@id\":\"https:\/\/timberspecialties.com\/fr\/#organization\"},\"potentialAction\":[{\"@type\":\"SearchAction\",\"target\":{\"@type\":\"EntryPoint\",\"urlTemplate\":\"https:\/\/timberspecialties.com\/fr\/?s={search_term_string}\"},\"query-input\":{\"@type\":\"PropertyValueSpecification\",\"valueRequired\":true,\"valueName\":\"search_term_string\"}}],\"inLanguage\":\"en-US\"},{\"@type\":\"Organization\",\"@id\":\"https:\/\/timberspecialties.com\/fr\/#organization\",\"name\":\"Timber Specialties\",\"url\":\"https:\/\/timberspecialties.com\/fr\/\",\"logo\":{\"@type\":\"ImageObject\",\"inLanguage\":\"en-US\",\"@id\":\"https:\/\/timberspecialties.com\/fr\/#\/schema\/logo\/image\/\",\"url\":\"https:\/\/timberspecialties.com\/fr\/wp-content\/uploads\/sites\/2\/2022\/12\/logo-timber-specialities.png\",\"contentUrl\":\"https:\/\/timberspecialties.com\/fr\/wp-content\/uploads\/sites\/2\/2022\/12\/logo-timber-specialities.png\",\"width\":300,\"height\":124,\"caption\":\"Timber Specialties\"},\"image\":{\"@id\":\"https:\/\/timberspecialties.com\/fr\/#\/schema\/logo\/image\/\"}}]}<\/script>\n<!-- \/ Yoast SEO plugin. -->","yoast_head_json":{"title":"K-33 ACC - Timber Specialties (French)","robots":{"index":"index","follow":"follow","max-snippet":"max-snippet:-1","max-image-preview":"max-image-preview:large","max-video-preview":"max-video-preview:-1"},"canonical":"https:\/\/timberspecialties.com\/fr\/produits\/k-33-aac\/","og_locale":"en_US","og_type":"article","og_title":"K-33 ACC - Timber Specialties (French)","og_description":"K-33MD est un agent de pr\u00e9servation du bois \u00e0 base d\u2019ars\u00e9niate de cuivre chromat\u00e9 (ACC), utilis\u00e9 dans le traitement sous pression du bois pour aider \u00e0 le prot\u00e9ger contre la carie fongique et l\u2019attaque des termites. Applications types des produits de bois trait\u00e9 \u00e0 l\u2019ACC&nbsp;:","og_url":"https:\/\/timberspecialties.com\/fr\/produits\/k-33-aac\/","og_site_name":"Timber Specialties (French)","article_modified_time":"2023-01-13T20:32:39+00:00","og_image":[{"width":540,"height":270,"url":"http:\/\/timberspecialties.com\/fr\/wp-content\/uploads\/sites\/2\/2022\/12\/K-33-CCA-Logo-F.png","type":"image\/png"}],"twitter_card":"summary_large_image","twitter_misc":{"Est. reading time":"1 minute"},"schema":{"@context":"https:\/\/schema.org","@graph":[{"@type":"WebPage","@id":"https:\/\/timberspecialties.com\/fr\/produits\/k-33-aac\/","url":"https:\/\/timberspecialties.com\/fr\/produits\/k-33-aac\/","name":"K-33 ACC - Timber Specialties (French)","isPartOf":{"@id":"https:\/\/timberspecialties.com\/fr\/#website"},"primaryImageOfPage":{"@id":"https:\/\/timberspecialties.com\/fr\/produits\/k-33-aac\/#primaryimage"},"image":{"@id":"https:\/\/timberspecialties.com\/fr\/produits\/k-33-aac\/#primaryimage"},"thumbnailUrl":"https:\/\/timberspecialties.com\/fr\/wp-content\/uploads\/sites\/2\/2022\/12\/K-33-CCA-Logo-F.png","datePublished":"2022-12-13T20:25:17+00:00","dateModified":"2023-01-13T20:32:39+00:00","breadcrumb":{"@id":"https:\/\/timberspecialties.com\/fr\/produits\/k-33-aac\/#breadcrumb"},"inLanguage":"en-US","potentialAction":[{"@type":"ReadAction","target":["https:\/\/timberspecialties.com\/fr\/produits\/k-33-aac\/"]}]},{"@type":"ImageObject","inLanguage":"en-US","@id":"https:\/\/timberspecialties.com\/fr\/produits\/k-33-aac\/#primaryimage","url":"https:\/\/timberspecialties.com\/fr\/wp-content\/uploads\/sites\/2\/2022\/12\/K-33-CCA-Logo-F.png","contentUrl":"https:\/\/timberspecialties.com\/fr\/wp-content\/uploads\/sites\/2\/2022\/12\/K-33-CCA-Logo-F.png","width":540,"height":270},{"@type":"BreadcrumbList","@id":"https:\/\/timberspecialties.com\/fr\/produits\/k-33-aac\/#breadcrumb","itemListElement":[{"@type":"ListItem","position":1,"name":"Home","item":"https:\/\/timberspecialties.com\/fr\/"},{"@type":"ListItem","position":2,"name":"Products","item":"https:\/\/timberspecialties.com\/fr\/products\/"},{"@type":"ListItem","position":3,"name":"K-33 ACC"}]},{"@type":"WebSite","@id":"https:\/\/timberspecialties.com\/fr\/#website","url":"https:\/\/timberspecialties.com\/fr\/","name":"Timber Specialties","description":"","publisher":{"@id":"https:\/\/timberspecialties.com\/fr\/#organization"},"potentialAction":[{"@type":"SearchAction","target":{"@type":"EntryPoint","urlTemplate":"https:\/\/timberspecialties.com\/fr\/?s={search_term_string}"},"query-input":{"@type":"PropertyValueSpecification","valueRequired":true,"valueName":"search_term_string"}}],"inLanguage":"en-US"},{"@type":"Organization","@id":"https:\/\/timberspecialties.com\/fr\/#organization","name":"Timber Specialties","url":"https:\/\/timberspecialties.com\/fr\/","logo":{"@type":"ImageObject","inLanguage":"en-US","@id":"https:\/\/timberspecialties.com\/fr\/#\/schema\/logo\/image\/","url":"https:\/\/timberspecialties.com\/fr\/wp-content\/uploads\/sites\/2\/2022\/12\/logo-timber-specialities.png","contentUrl":"https:\/\/timberspecialties.com\/fr\/wp-content\/uploads\/sites\/2\/2022\/12\/logo-timber-specialities.png","width":300,"height":124,"caption":"Timber Specialties"},"image":{"@id":"https:\/\/timberspecialties.com\/fr\/#\/schema\/logo\/image\/"}}]}},"_links":{"self":[{"href":"https:\/\/timberspecialties.com\/fr\/wp-json\/wp\/v2\/product\/31","targetHints":{"allow":["GET"]}}],"collection":[{"href":"https:\/\/timberspecialties.com\/fr\/wp-json\/wp\/v2\/product"}],"about":[{"href":"https:\/\/timberspecialties.com\/fr\/wp-json\/wp\/v2\/types\/product"}],"wp:featuredmedia":[{"embeddable":true,"href":"https:\/\/timberspecialties.com\/fr\/wp-json\/wp\/v2\/media\/107"}],"wp:attachment":[{"href":"https:\/\/timberspecialties.com\/fr\/wp-json\/wp\/v2\/media?parent=31"}],"curies":[{"name":"wp","href":"https:\/\/api.w.org\/{rel}","templated":true}]}}