{"id":18,"date":"2022-12-13T20:19:20","date_gmt":"2022-12-13T20:19:20","guid":{"rendered":"https:\/\/timberspecialties.com\/fr\/?page_id=18"},"modified":"2025-08-18T20:50:02","modified_gmt":"2025-08-18T20:50:02","slug":"home","status":"publish","type":"page","link":"https:\/\/timberspecialties.com\/fr\/","title":{"rendered":"Home"},"content":{"rendered":"\r\n                <div class=\"slideshow-wrapper\">\r\n                    \r\n                    <div class=\"slideshow slideshow-homepage  slideshow-1\">\r\n            \r\n                            <div class=\"slide slide-68\"><div class=\"caption\"><h2>LE CHEF DE FILE DE LA PR&eacute;SERVATION DU BOIS<\/h2><\/div><img loading=\"lazy\" decoding=\"async\" src=\"http:\/\/timberspecialties.com\/fr\/wp-content\/uploads\/sites\/2\/2022\/12\/MicroProSienna-2018-Slider-03.jpg\" width=\"1500\" height=\"450\" alt=\"\" \/><\/div>\r\n                        \r\n                            <div class=\"slide slide-71\"><div class=\"caption\"><h2>LE CHEF DE FILE DE LA PR&eacute;SERVATION DU BOIS<\/h2>\n<\/div><img loading=\"lazy\" decoding=\"async\" src=\"http:\/\/timberspecialties.com\/fr\/wp-content\/uploads\/sites\/2\/2022\/12\/TimberSpecialties.com-2020-Home-NW100.jpg\" width=\"1500\" height=\"450\" alt=\"\" \/><\/div>\r\n                        \r\n                            <div class=\"slide slide-72\"><div class=\"caption\"><h2>LE CHEF DE FILE DE LA PR&eacute;SERVATION DU BOIS<\/h2>\n<\/div><img loading=\"lazy\" decoding=\"async\" src=\"http:\/\/timberspecialties.com\/fr\/wp-content\/uploads\/sites\/2\/2022\/12\/TimberSpecialties.com-2020-Home-K33CCA.jpg\" width=\"1500\" height=\"450\" alt=\"\" \/><\/div>\r\n                        \r\n                            <div class=\"slide slide-159\"><img loading=\"lazy\" decoding=\"async\" src=\"http:\/\/timberspecialties.com\/fr\/wp-content\/uploads\/sites\/2\/2022\/12\/TimberSpecialties.com-2023-Home-Cut-N-Seal-F.jpg\" width=\"1500\" height=\"450\" alt=\"\" \/><\/div>\r\n                        \r\n                    <\/div>\r\n                <\/div>\r\n\r\n                <script>\r\n                    jQuery(document).ready(function() {\r\n                        jQuery(\".slideshow-wrapper\").css(\"visibility\", \"visible\");\r\n\r\n                        jQuery(\".slideshow-1\").slick({\r\n                            adaptiveHeight: false,\r\n                            lazyLoad: 'ondemand',\r\n                            infinite: true, \r\n                            slidesToShow: 1,\r\n                            slidesToScroll: 1,\r\n                            autoplay: true,\r\n                            fade: true,\r\n                            cssEase: 'linear',\r\n                            dots: true,\r\n                            arrows: false,\r\n                            speed: 500,\r\n                            autoplaySpeed: 8000,\r\n                            vertical: false,\r\n                            prevArrow: '<button class=\"slick-prev\"><i class=\"fas fa-chevron-left\"><\/i><\/button>',\r\n                            nextArrow: '<button class=\"slick-next\"><i class=\"fas fa-chevron-right\"><\/i><\/button>',\r\n                            customPaging: function(slider, i) {\r\n                                return '';\r\n                            }\r\n                        });\r\n                    });\r\n                <\/script>\r\n            \n\n\n\n<p class=\"has-text-align-left\">Timber Specialties Limited est le chef de file canadien de la pr\u00e9servation du bois. Notre agent de pr\u00e9servation MicroPro Sienna a pour toujours chang\u00e9 la face de le bois march\u00e9 du trait\u00e9 r\u00e9sidentiel au Canada en faveur de la couleur brune.<\/p>\n\n\n\n<h2 class=\"wp-block-heading has-text-align-center\">PRODUITS DE PROTECTION POUR LE BOIS<\/h2>\n\n\n\n<div class=\"wp-block-columns has-2-columns home-blocks is-layout-flex wp-container-core-columns-is-layout-9d6595d7 wp-block-columns-is-layout-flex\">\n<div class=\"wp-block-column preservative-systems is-layout-flow wp-block-column-is-layout-flow\">\n<ul class=\"wp-block-list\">\n<li><a href=\"https:\/\/microprosienna.com\/fr\/\" target=\"_blank\" rel=\"noreferrer noopener\">MicroPro Sienna<sup>MD<\/sup><\/a><\/li>\n\n\n\n<li><a href=\"https:\/\/timberspecialties.com\/fr\/produits\/flamepro\/\">FlamePRO<sup>MD<\/sup><\/a><\/li>\n\n\n\n<li><a href=\"https:\/\/timberspecialties.com\/fr\/produits\/k-33\/\">K-33<sup>MD<\/sup> CCA<\/a><\/li>\n<\/ul>\n\n\n\n<figure class=\"wp-block-image\"><img decoding=\"async\" src=\"http:\/\/timberspecialties.com\/wp-content\/uploads\/2019\/11\/preservative-systems.jpg\" alt=\"\" class=\"wp-image-65\"\/><figcaption class=\"wp-element-caption\">SYST\u00c8MES D\u2019AGENT DE PR\u00c9SERVATION<\/figcaption><\/figure>\n<\/div>\n\n\n\n<div class=\"wp-block-column end-cut-sealer is-layout-flow wp-block-column-is-layout-flow\">\n<ul class=\"wp-block-list\">\n<li><a href=\"https:\/\/cut-n-seal.com\/fr\/\" target=\"_blank\" rel=\"noreferrer noopener\">Cut-N-Seal<sup>MD<\/sup><\/a><\/li>\n<\/ul>\n\n\n\n<figure class=\"wp-block-image size-full\"><img loading=\"lazy\" decoding=\"async\" width=\"500\" height=\"400\" src=\"https:\/\/timberspecialties.com\/fr\/wp-content\/uploads\/sites\/2\/2023\/01\/Cut-N-Seal-500x400-F.png\" alt=\"\" class=\"wp-image-160\" srcset=\"https:\/\/timberspecialties.com\/fr\/wp-content\/uploads\/sites\/2\/2023\/01\/Cut-N-Seal-500x400-F.png 500w, https:\/\/timberspecialties.com\/fr\/wp-content\/uploads\/sites\/2\/2023\/01\/Cut-N-Seal-500x400-F-300x240.png 300w\" sizes=\"auto, (max-width: 500px) 100vw, 500px\" \/><figcaption class=\"wp-element-caption\">AGENT DE PR\u00c9SERVATION DU BOIS POUR COUPES DE BOUT<\/figcaption><\/figure>\n<\/div>\n<\/div>\n\n\n\r\n\t\t<section class=\"page-section bg-green mt-5\">\r\n\t\t\t<div class=\"container\">\r\n\t\t\t\t<div class=\"row\">\r\n\t\t\t\t\t<div class=\"col-md-12\">\r\n\t\n\n\n\n<h2 class=\"wp-block-heading has-text-align-center\">GARANTIE DU PRODUIT<\/h2>\n\n\n\n<p class=\"has-text-align-center\">Vous trouverez toutes les garanties sur nos produits en cliquant sur le bouton ci-dessous.<\/p>\n\n\n\n<div class=\"wp-block-button aligncenter\"><a class=\"wp-block-button__link wp-element-button\" href=\"https:\/\/timberspecialties.com\/fr\/ressources\/garanties\/\">GARANTIES<\/a><\/div>\n\n\n\r\n\t\t\t\t\t<\/div> <!-- End of .col-md-12 -->\r\n\t\t\t\t<\/div> <!-- End of .row -->\r\n\t\t\t<\/div> <!-- End of .container -->\r\n\t\t<\/section>\r\n\t\n","protected":false},"excerpt":{"rendered":"<p>Timber Specialties Limited est le chef de file canadien de la pr\u00e9servation du bois. Notre agent de pr\u00e9servation MicroPro Sienna a pour toujours chang\u00e9 la face de le bois march\u00e9 du trait\u00e9 r\u00e9sidentiel au Canada en faveur de la couleur brune. PRODUITS DE PROTECTION POUR LE BOIS GARANTIE DU PRODUIT Vous trouverez toutes les garanties sur nos produits en cliquant sur le bouton ci-dessous.<\/p>\n","protected":false},"author":1,"featured_media":0,"parent":0,"menu_order":0,"comment_status":"closed","ping_status":"closed","template":"","meta":{"_acf_changed":false,"footnotes":""},"class_list":["post-18","page","type-page","status-publish","hentry"],"acf":[],"yoast_head":"<!-- This site is optimized with the Yoast SEO plugin v25.7 - https:\/\/yoast.com\/wordpress\/plugins\/seo\/ -->\n<title>Home - Timber Specialties (French)<\/title>\n<meta name=\"robots\" content=\"index, follow, max-snippet:-1, max-image-preview:large, max-video-preview:-1\" \/>\n<link rel=\"canonical\" href=\"https:\/\/timberspecialties.com\/fr\/\" \/>\n<meta property=\"og:locale\" content=\"en_US\" \/>\n<meta property=\"og:type\" content=\"article\" \/>\n<meta property=\"og:title\" content=\"Home - Timber Specialties (French)\" \/>\n<meta property=\"og:description\" content=\"Timber Specialties Limited est le chef de file canadien de la pr\u00e9servation du bois. Notre agent de pr\u00e9servation MicroPro Sienna a pour toujours chang\u00e9 la face de le bois march\u00e9 du trait\u00e9 r\u00e9sidentiel au Canada en faveur de la couleur brune. PRODUITS DE PROTECTION POUR LE BOIS GARANTIE DU PRODUIT Vous trouverez toutes les garanties sur nos produits en cliquant sur le bouton ci-dessous.\" \/>\n<meta property=\"og:url\" content=\"https:\/\/timberspecialties.com\/fr\/\" \/>\n<meta property=\"og:site_name\" content=\"Timber Specialties (French)\" \/>\n<meta property=\"article:modified_time\" content=\"2025-08-18T20:50:02+00:00\" \/>\n<meta property=\"og:image\" content=\"http:\/\/timberspecialties.com\/wp-content\/uploads\/2019\/11\/preservative-systems.jpg\" \/>\n<meta name=\"twitter:card\" content=\"summary_large_image\" \/>\n<meta name=\"twitter:label1\" content=\"Est. reading time\" \/>\n\t<meta name=\"twitter:data1\" content=\"1 minute\" \/>\n<script type=\"application\/ld+json\" class=\"yoast-schema-graph\">{\"@context\":\"https:\/\/schema.org\",\"@graph\":[{\"@type\":\"WebPage\",\"@id\":\"https:\/\/timberspecialties.com\/fr\/\",\"url\":\"https:\/\/timberspecialties.com\/fr\/\",\"name\":\"Home - Timber Specialties (French)\",\"isPartOf\":{\"@id\":\"https:\/\/timberspecialties.com\/fr\/#website\"},\"primaryImageOfPage\":{\"@id\":\"https:\/\/timberspecialties.com\/fr\/#primaryimage\"},\"image\":{\"@id\":\"https:\/\/timberspecialties.com\/fr\/#primaryimage\"},\"thumbnailUrl\":\"http:\/\/timberspecialties.com\/wp-content\/uploads\/2019\/11\/preservative-systems.jpg\",\"datePublished\":\"2022-12-13T20:19:20+00:00\",\"dateModified\":\"2025-08-18T20:50:02+00:00\",\"breadcrumb\":{\"@id\":\"https:\/\/timberspecialties.com\/fr\/#breadcrumb\"},\"inLanguage\":\"en-US\",\"potentialAction\":[{\"@type\":\"ReadAction\",\"target\":[\"https:\/\/timberspecialties.com\/fr\/\"]}]},{\"@type\":\"ImageObject\",\"inLanguage\":\"en-US\",\"@id\":\"https:\/\/timberspecialties.com\/fr\/#primaryimage\",\"url\":\"http:\/\/timberspecialties.com\/wp-content\/uploads\/2019\/11\/preservative-systems.jpg\",\"contentUrl\":\"http:\/\/timberspecialties.com\/wp-content\/uploads\/2019\/11\/preservative-systems.jpg\"},{\"@type\":\"BreadcrumbList\",\"@id\":\"https:\/\/timberspecialties.com\/fr\/#breadcrumb\",\"itemListElement\":[{\"@type\":\"ListItem\",\"position\":1,\"name\":\"Home\",\"item\":\"https:\/\/timberspecialties.com\/fr\/\"},{\"@type\":\"ListItem\",\"position\":2,\"name\":\"Home\"}]},{\"@type\":\"WebSite\",\"@id\":\"https:\/\/timberspecialties.com\/fr\/#website\",\"url\":\"https:\/\/timberspecialties.com\/fr\/\",\"name\":\"Timber Specialties\",\"description\":\"\",\"publisher\":{\"@id\":\"https:\/\/timberspecialties.com\/fr\/#organization\"},\"potentialAction\":[{\"@type\":\"SearchAction\",\"target\":{\"@type\":\"EntryPoint\",\"urlTemplate\":\"https:\/\/timberspecialties.com\/fr\/?s={search_term_string}\"},\"query-input\":{\"@type\":\"PropertyValueSpecification\",\"valueRequired\":true,\"valueName\":\"search_term_string\"}}],\"inLanguage\":\"en-US\"},{\"@type\":\"Organization\",\"@id\":\"https:\/\/timberspecialties.com\/fr\/#organization\",\"name\":\"Timber Specialties\",\"url\":\"https:\/\/timberspecialties.com\/fr\/\",\"logo\":{\"@type\":\"ImageObject\",\"inLanguage\":\"en-US\",\"@id\":\"https:\/\/timberspecialties.com\/fr\/#\/schema\/logo\/image\/\",\"url\":\"https:\/\/timberspecialties.com\/fr\/wp-content\/uploads\/sites\/2\/2022\/12\/logo-timber-specialities.png\",\"contentUrl\":\"https:\/\/timberspecialties.com\/fr\/wp-content\/uploads\/sites\/2\/2022\/12\/logo-timber-specialities.png\",\"width\":300,\"height\":124,\"caption\":\"Timber Specialties\"},\"image\":{\"@id\":\"https:\/\/timberspecialties.com\/fr\/#\/schema\/logo\/image\/\"}}]}<\/script>\n<!-- \/ Yoast SEO plugin. -->","yoast_head_json":{"title":"Home - Timber Specialties (French)","robots":{"index":"index","follow":"follow","max-snippet":"max-snippet:-1","max-image-preview":"max-image-preview:large","max-video-preview":"max-video-preview:-1"},"canonical":"https:\/\/timberspecialties.com\/fr\/","og_locale":"en_US","og_type":"article","og_title":"Home - Timber Specialties (French)","og_description":"Timber Specialties Limited est le chef de file canadien de la pr\u00e9servation du bois. Notre agent de pr\u00e9servation MicroPro Sienna a pour toujours chang\u00e9 la face de le bois march\u00e9 du trait\u00e9 r\u00e9sidentiel au Canada en faveur de la couleur brune. PRODUITS DE PROTECTION POUR LE BOIS GARANTIE DU PRODUIT Vous trouverez toutes les garanties sur nos produits en cliquant sur le bouton ci-dessous.","og_url":"https:\/\/timberspecialties.com\/fr\/","og_site_name":"Timber Specialties (French)","article_modified_time":"2025-08-18T20:50:02+00:00","og_image":[{"url":"http:\/\/timberspecialties.com\/wp-content\/uploads\/2019\/11\/preservative-systems.jpg","type":"","width":"","height":""}],"twitter_card":"summary_large_image","twitter_misc":{"Est. reading time":"1 minute"},"schema":{"@context":"https:\/\/schema.org","@graph":[{"@type":"WebPage","@id":"https:\/\/timberspecialties.com\/fr\/","url":"https:\/\/timberspecialties.com\/fr\/","name":"Home - Timber Specialties (French)","isPartOf":{"@id":"https:\/\/timberspecialties.com\/fr\/#website"},"primaryImageOfPage":{"@id":"https:\/\/timberspecialties.com\/fr\/#primaryimage"},"image":{"@id":"https:\/\/timberspecialties.com\/fr\/#primaryimage"},"thumbnailUrl":"http:\/\/timberspecialties.com\/wp-content\/uploads\/2019\/11\/preservative-systems.jpg","datePublished":"2022-12-13T20:19:20+00:00","dateModified":"2025-08-18T20:50:02+00:00","breadcrumb":{"@id":"https:\/\/timberspecialties.com\/fr\/#breadcrumb"},"inLanguage":"en-US","potentialAction":[{"@type":"ReadAction","target":["https:\/\/timberspecialties.com\/fr\/"]}]},{"@type":"ImageObject","inLanguage":"en-US","@id":"https:\/\/timberspecialties.com\/fr\/#primaryimage","url":"http:\/\/timberspecialties.com\/wp-content\/uploads\/2019\/11\/preservative-systems.jpg","contentUrl":"http:\/\/timberspecialties.com\/wp-content\/uploads\/2019\/11\/preservative-systems.jpg"},{"@type":"BreadcrumbList","@id":"https:\/\/timberspecialties.com\/fr\/#breadcrumb","itemListElement":[{"@type":"ListItem","position":1,"name":"Home","item":"https:\/\/timberspecialties.com\/fr\/"},{"@type":"ListItem","position":2,"name":"Home"}]},{"@type":"WebSite","@id":"https:\/\/timberspecialties.com\/fr\/#website","url":"https:\/\/timberspecialties.com\/fr\/","name":"Timber Specialties","description":"","publisher":{"@id":"https:\/\/timberspecialties.com\/fr\/#organization"},"potentialAction":[{"@type":"SearchAction","target":{"@type":"EntryPoint","urlTemplate":"https:\/\/timberspecialties.com\/fr\/?s={search_term_string}"},"query-input":{"@type":"PropertyValueSpecification","valueRequired":true,"valueName":"search_term_string"}}],"inLanguage":"en-US"},{"@type":"Organization","@id":"https:\/\/timberspecialties.com\/fr\/#organization","name":"Timber Specialties","url":"https:\/\/timberspecialties.com\/fr\/","logo":{"@type":"ImageObject","inLanguage":"en-US","@id":"https:\/\/timberspecialties.com\/fr\/#\/schema\/logo\/image\/","url":"https:\/\/timberspecialties.com\/fr\/wp-content\/uploads\/sites\/2\/2022\/12\/logo-timber-specialities.png","contentUrl":"https:\/\/timberspecialties.com\/fr\/wp-content\/uploads\/sites\/2\/2022\/12\/logo-timber-specialities.png","width":300,"height":124,"caption":"Timber Specialties"},"image":{"@id":"https:\/\/timberspecialties.com\/fr\/#\/schema\/logo\/image\/"}}]}},"_links":{"self":[{"href":"https:\/\/timberspecialties.com\/fr\/wp-json\/wp\/v2\/pages\/18","targetHints":{"allow":["GET"]}}],"collection":[{"href":"https:\/\/timberspecialties.com\/fr\/wp-json\/wp\/v2\/pages"}],"about":[{"href":"https:\/\/timberspecialties.com\/fr\/wp-json\/wp\/v2\/types\/page"}],"author":[{"embeddable":true,"href":"https:\/\/timberspecialties.com\/fr\/wp-json\/wp\/v2\/users\/1"}],"replies":[{"embeddable":true,"href":"https:\/\/timberspecialties.com\/fr\/wp-json\/wp\/v2\/comments?post=18"}],"version-history":[{"count":10,"href":"https:\/\/timberspecialties.com\/fr\/wp-json\/wp\/v2\/pages\/18\/revisions"}],"predecessor-version":[{"id":177,"href":"https:\/\/timberspecialties.com\/fr\/wp-json\/wp\/v2\/pages\/18\/revisions\/177"}],"wp:attachment":[{"href":"https:\/\/timberspecialties.com\/fr\/wp-json\/wp\/v2\/media?parent=18"}],"curies":[{"name":"wp","href":"https:\/\/api.w.org\/{rel}","templated":true}]}}