{"id":16,"date":"2022-12-13T20:18:30","date_gmt":"2022-12-13T20:18:30","guid":{"rendered":"https:\/\/timberspecialties.com\/fr\/?page_id=16"},"modified":"2022-12-28T15:57:52","modified_gmt":"2022-12-28T15:57:52","slug":"contact","status":"publish","type":"page","link":"https:\/\/timberspecialties.com\/fr\/contact\/","title":{"rendered":"Contact"},"content":{"rendered":"\n<div class=\"wp-block-columns has-2-columns is-layout-flex wp-container-core-columns-is-layout-9d6595d7 wp-block-columns-is-layout-flex\">\n<div class=\"wp-block-column col-md-3 is-layout-flow wp-block-column-is-layout-flow\">\n<p><strong>Timber Specialties Limited<\/strong><\/p>\n\n\n\n<p>35 Crawford Crescent, <br>PO Box 520, <br>Campbellville, Ontario, <br>L0P 1B0<\/p>\n\n\n\n<p><strong>Sans frais&nbsp;:<\/strong> 1-888-533-9663<br><strong>T\u00e9l\u00e9ph<\/strong>. <strong>:<\/strong> (905) 854-2244 <br><strong>T\u00e9l\u00e9c.<\/strong> <strong>:<\/strong> (905) 854-0834<br><\/p>\n<\/div>\n\n\n\n<div class=\"wp-block-column col-md-9 is-layout-flow wp-block-column-is-layout-flow\"><div class=\"frm_forms  with_frm_style frm_style_formidable-style\" id=\"frm_form_1_container\" >\n<form enctype=\"multipart\/form-data\" method=\"post\" class=\"frm-show-form  frm_pro_form \" id=\"form_contact-form\" >\n<div class=\"frm_form_fields \">\n<fieldset>\n<legend class=\"frm_screen_reader\">Contact Us<\/legend>\r\n\r\n<div class=\"frm_fields_container\">\n<input type=\"hidden\" name=\"frm_action\" value=\"create\" \/>\n<input type=\"hidden\" name=\"form_id\" value=\"1\" \/>\n<input type=\"hidden\" name=\"frm_hide_fields_1\" id=\"frm_hide_fields_1\" value=\"\" \/>\n<input type=\"hidden\" name=\"form_key\" value=\"contact-form\" \/>\n<input type=\"hidden\" name=\"item_meta[0]\" value=\"\" \/>\n<input type=\"hidden\" id=\"frm_submit_entry_1\" name=\"frm_submit_entry_1\" value=\"06bba97f2b\" \/><input type=\"hidden\" name=\"_wp_http_referer\" value=\"\/fr\/wp-json\/wp\/v2\/pages\/16\" \/><div id=\"frm_field_1_container\" class=\"frm_form_field form-field  frm_required_field frm_top_container frm_first frm_half\">\r\n    <label for=\"field_qh4icy\" id=\"field_qh4icy_label\" class=\"frm_primary_label\">Pr\u00e9nom\r\n        <span class=\"frm_required\" aria-hidden=\"true\">*<\/span>\r\n    <\/label>\r\n    <input  type=\"text\" id=\"field_qh4icy\" name=\"item_meta[1]\" value=\"\"  data-reqmsg=\"Pr\u00e9nom cannot be blank.\" aria-required=\"true\" data-invmsg=\"Name is invalid\" aria-invalid=\"false\"   \/>\r\n    \r\n    \r\n<\/div>\n<div id=\"frm_field_2_container\" class=\"frm_form_field form-field  frm_required_field frm_top_container frm_half\">\r\n    <label for=\"field_ocfup1\" id=\"field_ocfup1_label\" class=\"frm_primary_label\">Nom de famille\r\n        <span class=\"frm_required\" aria-hidden=\"true\">*<\/span>\r\n    <\/label>\r\n    <input  type=\"text\" id=\"field_ocfup1\" name=\"item_meta[2]\" value=\"\"  data-reqmsg=\"Nom de famille cannot be blank.\" aria-required=\"true\" data-invmsg=\"Last is invalid\" aria-invalid=\"false\"   \/>\r\n    \r\n    \r\n<\/div>\n<div id=\"frm_field_3_container\" class=\"frm_form_field form-field  frm_required_field frm_top_container frm_full\">\r\n    <label for=\"field_29yf4d\" id=\"field_29yf4d_label\" class=\"frm_primary_label\">Adresse courriel\r\n        <span class=\"frm_required\" aria-hidden=\"true\">*<\/span>\r\n    <\/label>\r\n    <input type=\"email\" id=\"field_29yf4d\" name=\"item_meta[3]\" value=\"\"  data-reqmsg=\"Adresse courriel cannot be blank.\" aria-required=\"true\" data-invmsg=\"Please enter a valid email address\" aria-invalid=\"false\"  \/>\r\n    \r\n    \r\n<\/div>\n<div id=\"frm_field_4_container\" class=\"frm_form_field form-field  frm_required_field frm_top_container frm_full\">\r\n    <label for=\"field_e6lis6\" id=\"field_e6lis6_label\" class=\"frm_primary_label\">Sujet\r\n        <span class=\"frm_required\" aria-hidden=\"true\">*<\/span>\r\n    <\/label>\r\n    <input  type=\"text\" id=\"field_e6lis6\" name=\"item_meta[4]\" value=\"\"  data-reqmsg=\"Sujet cannot be blank.\" aria-required=\"true\" data-invmsg=\"Subject is invalid\" aria-invalid=\"false\"   \/>\r\n    \r\n    \r\n<\/div>\n<div id=\"frm_field_5_container\" class=\"frm_form_field form-field  frm_required_field frm_top_container frm12 frm_first\">\r\n    <label for=\"field_9jv0r1\" id=\"field_9jv0r1_label\" class=\"frm_primary_label\">Message\r\n        <span class=\"frm_required\" aria-hidden=\"true\">*<\/span>\r\n    <\/label>\r\n    <textarea name=\"item_meta[5]\" id=\"field_9jv0r1\" rows=\"5\"  data-reqmsg=\"Message cannot be blank.\" aria-required=\"true\" data-invmsg=\"Message is invalid\" aria-invalid=\"false\"  ><\/textarea>\r\n    \r\n    \r\n<\/div>\n<div id=\"frm_field_6_container\" class=\"frm_form_field form-field  frm_none_container frm12 frm_first\">\r\n    <label for=\"g-recaptcha-response\" id=\"field_1b16m_label\" class=\"frm_primary_label\">CAPTCHA\r\n        <span class=\"frm_required\" aria-hidden=\"true\"><\/span>\r\n    <\/label>\r\n    <div  id=\"field_1b16m\" class=\"frm-g-recaptcha\" data-sitekey=\"6LenCCIaAAAAABtMLTZK29M-OdZUSEQPOZpe9YL2\" data-size=\"normal\" data-theme=\"light\"><\/div>\r\n    \r\n    \r\n<\/div>\n\t<input type=\"hidden\" name=\"item_key\" value=\"\" \/>\n\t\t\t<div id=\"frm_field_7_container\">\n\t\t\t<label for=\"field_r4nkp\" >\n\t\t\t\tIf you are human, leave this field blank.\t\t\t<\/label>\n\t\t\t<input  id=\"field_r4nkp\" type=\"text\" class=\"frm_form_field form-field frm_verify\" name=\"item_meta[7]\" value=\"\"  \/>\n\t\t<\/div>\n\t\t<input name=\"frm_state\" type=\"hidden\" value=\"VjbZDWMRjMA2yANEz4ZK1\/jFmvHCH0N3KcUXojfXb1yL+H8Omxs3VZArUE2U0Tfs\" \/><div class=\"frm_submit\">\r\n\r\n<button class=\"frm_button_submit frm_final_submit\" type=\"submit\"   formnovalidate=\"formnovalidate\">Soumettre<\/button>\r\n\r\n\r\n<\/div><\/div>\n<\/fieldset>\n<\/div>\n\n<\/form>\n<\/div>\n\n<\/div>\n<\/div>\n","protected":false},"excerpt":{"rendered":"<p>Timber Specialties Limited 35 Crawford Crescent, PO Box 520, Campbellville, Ontario, L0P 1B0 Sans frais&nbsp;: 1-888-533-9663T\u00e9l\u00e9ph. : (905) 854-2244 T\u00e9l\u00e9c. : (905) 854-0834<\/p>\n","protected":false},"author":1,"featured_media":0,"parent":0,"menu_order":0,"comment_status":"closed","ping_status":"closed","template":"","meta":{"_acf_changed":false,"footnotes":""},"class_list":["post-16","page","type-page","status-publish","hentry"],"acf":[],"yoast_head":"<!-- This site is optimized with the Yoast SEO plugin v25.7 - https:\/\/yoast.com\/wordpress\/plugins\/seo\/ -->\n<title>Contact - Timber Specialties (French)<\/title>\n<meta name=\"robots\" content=\"index, follow, max-snippet:-1, max-image-preview:large, max-video-preview:-1\" \/>\n<link rel=\"canonical\" href=\"https:\/\/timberspecialties.com\/fr\/contact\/\" \/>\n<meta property=\"og:locale\" content=\"en_US\" \/>\n<meta property=\"og:type\" content=\"article\" \/>\n<meta property=\"og:title\" content=\"Contact - Timber Specialties (French)\" \/>\n<meta property=\"og:description\" content=\"Timber Specialties Limited 35 Crawford Crescent, PO Box 520, Campbellville, Ontario, L0P 1B0 Sans frais&nbsp;: 1-888-533-9663T\u00e9l\u00e9ph. : (905) 854-2244 T\u00e9l\u00e9c. : (905) 854-0834\" \/>\n<meta property=\"og:url\" content=\"https:\/\/timberspecialties.com\/fr\/contact\/\" \/>\n<meta property=\"og:site_name\" content=\"Timber Specialties (French)\" \/>\n<meta property=\"article:modified_time\" content=\"2022-12-28T15:57:52+00:00\" \/>\n<meta name=\"twitter:card\" content=\"summary_large_image\" \/>\n<meta name=\"twitter:label1\" content=\"Est. reading time\" \/>\n\t<meta name=\"twitter:data1\" content=\"1 minute\" \/>\n<script type=\"application\/ld+json\" class=\"yoast-schema-graph\">{\"@context\":\"https:\/\/schema.org\",\"@graph\":[{\"@type\":\"WebPage\",\"@id\":\"https:\/\/timberspecialties.com\/fr\/contact\/\",\"url\":\"https:\/\/timberspecialties.com\/fr\/contact\/\",\"name\":\"Contact - Timber Specialties (French)\",\"isPartOf\":{\"@id\":\"https:\/\/timberspecialties.com\/fr\/#website\"},\"datePublished\":\"2022-12-13T20:18:30+00:00\",\"dateModified\":\"2022-12-28T15:57:52+00:00\",\"breadcrumb\":{\"@id\":\"https:\/\/timberspecialties.com\/fr\/contact\/#breadcrumb\"},\"inLanguage\":\"en-US\",\"potentialAction\":[{\"@type\":\"ReadAction\",\"target\":[\"https:\/\/timberspecialties.com\/fr\/contact\/\"]}]},{\"@type\":\"BreadcrumbList\",\"@id\":\"https:\/\/timberspecialties.com\/fr\/contact\/#breadcrumb\",\"itemListElement\":[{\"@type\":\"ListItem\",\"position\":1,\"name\":\"Home\",\"item\":\"https:\/\/timberspecialties.com\/fr\/\"},{\"@type\":\"ListItem\",\"position\":2,\"name\":\"Contact\"}]},{\"@type\":\"WebSite\",\"@id\":\"https:\/\/timberspecialties.com\/fr\/#website\",\"url\":\"https:\/\/timberspecialties.com\/fr\/\",\"name\":\"Timber Specialties\",\"description\":\"\",\"publisher\":{\"@id\":\"https:\/\/timberspecialties.com\/fr\/#organization\"},\"potentialAction\":[{\"@type\":\"SearchAction\",\"target\":{\"@type\":\"EntryPoint\",\"urlTemplate\":\"https:\/\/timberspecialties.com\/fr\/?s={search_term_string}\"},\"query-input\":{\"@type\":\"PropertyValueSpecification\",\"valueRequired\":true,\"valueName\":\"search_term_string\"}}],\"inLanguage\":\"en-US\"},{\"@type\":\"Organization\",\"@id\":\"https:\/\/timberspecialties.com\/fr\/#organization\",\"name\":\"Timber Specialties\",\"url\":\"https:\/\/timberspecialties.com\/fr\/\",\"logo\":{\"@type\":\"ImageObject\",\"inLanguage\":\"en-US\",\"@id\":\"https:\/\/timberspecialties.com\/fr\/#\/schema\/logo\/image\/\",\"url\":\"https:\/\/timberspecialties.com\/fr\/wp-content\/uploads\/sites\/2\/2022\/12\/logo-timber-specialities.png\",\"contentUrl\":\"https:\/\/timberspecialties.com\/fr\/wp-content\/uploads\/sites\/2\/2022\/12\/logo-timber-specialities.png\",\"width\":300,\"height\":124,\"caption\":\"Timber Specialties\"},\"image\":{\"@id\":\"https:\/\/timberspecialties.com\/fr\/#\/schema\/logo\/image\/\"}}]}<\/script>\n<!-- \/ Yoast SEO plugin. -->","yoast_head_json":{"title":"Contact - Timber Specialties (French)","robots":{"index":"index","follow":"follow","max-snippet":"max-snippet:-1","max-image-preview":"max-image-preview:large","max-video-preview":"max-video-preview:-1"},"canonical":"https:\/\/timberspecialties.com\/fr\/contact\/","og_locale":"en_US","og_type":"article","og_title":"Contact - Timber Specialties (French)","og_description":"Timber Specialties Limited 35 Crawford Crescent, PO Box 520, Campbellville, Ontario, L0P 1B0 Sans frais&nbsp;: 1-888-533-9663T\u00e9l\u00e9ph. : (905) 854-2244 T\u00e9l\u00e9c. : (905) 854-0834","og_url":"https:\/\/timberspecialties.com\/fr\/contact\/","og_site_name":"Timber Specialties (French)","article_modified_time":"2022-12-28T15:57:52+00:00","twitter_card":"summary_large_image","twitter_misc":{"Est. reading time":"1 minute"},"schema":{"@context":"https:\/\/schema.org","@graph":[{"@type":"WebPage","@id":"https:\/\/timberspecialties.com\/fr\/contact\/","url":"https:\/\/timberspecialties.com\/fr\/contact\/","name":"Contact - Timber Specialties (French)","isPartOf":{"@id":"https:\/\/timberspecialties.com\/fr\/#website"},"datePublished":"2022-12-13T20:18:30+00:00","dateModified":"2022-12-28T15:57:52+00:00","breadcrumb":{"@id":"https:\/\/timberspecialties.com\/fr\/contact\/#breadcrumb"},"inLanguage":"en-US","potentialAction":[{"@type":"ReadAction","target":["https:\/\/timberspecialties.com\/fr\/contact\/"]}]},{"@type":"BreadcrumbList","@id":"https:\/\/timberspecialties.com\/fr\/contact\/#breadcrumb","itemListElement":[{"@type":"ListItem","position":1,"name":"Home","item":"https:\/\/timberspecialties.com\/fr\/"},{"@type":"ListItem","position":2,"name":"Contact"}]},{"@type":"WebSite","@id":"https:\/\/timberspecialties.com\/fr\/#website","url":"https:\/\/timberspecialties.com\/fr\/","name":"Timber Specialties","description":"","publisher":{"@id":"https:\/\/timberspecialties.com\/fr\/#organization"},"potentialAction":[{"@type":"SearchAction","target":{"@type":"EntryPoint","urlTemplate":"https:\/\/timberspecialties.com\/fr\/?s={search_term_string}"},"query-input":{"@type":"PropertyValueSpecification","valueRequired":true,"valueName":"search_term_string"}}],"inLanguage":"en-US"},{"@type":"Organization","@id":"https:\/\/timberspecialties.com\/fr\/#organization","name":"Timber Specialties","url":"https:\/\/timberspecialties.com\/fr\/","logo":{"@type":"ImageObject","inLanguage":"en-US","@id":"https:\/\/timberspecialties.com\/fr\/#\/schema\/logo\/image\/","url":"https:\/\/timberspecialties.com\/fr\/wp-content\/uploads\/sites\/2\/2022\/12\/logo-timber-specialities.png","contentUrl":"https:\/\/timberspecialties.com\/fr\/wp-content\/uploads\/sites\/2\/2022\/12\/logo-timber-specialities.png","width":300,"height":124,"caption":"Timber Specialties"},"image":{"@id":"https:\/\/timberspecialties.com\/fr\/#\/schema\/logo\/image\/"}}]}},"_links":{"self":[{"href":"https:\/\/timberspecialties.com\/fr\/wp-json\/wp\/v2\/pages\/16","targetHints":{"allow":["GET"]}}],"collection":[{"href":"https:\/\/timberspecialties.com\/fr\/wp-json\/wp\/v2\/pages"}],"about":[{"href":"https:\/\/timberspecialties.com\/fr\/wp-json\/wp\/v2\/types\/page"}],"author":[{"embeddable":true,"href":"https:\/\/timberspecialties.com\/fr\/wp-json\/wp\/v2\/users\/1"}],"replies":[{"embeddable":true,"href":"https:\/\/timberspecialties.com\/fr\/wp-json\/wp\/v2\/comments?post=16"}],"version-history":[{"count":3,"href":"https:\/\/timberspecialties.com\/fr\/wp-json\/wp\/v2\/pages\/16\/revisions"}],"predecessor-version":[{"id":157,"href":"https:\/\/timberspecialties.com\/fr\/wp-json\/wp\/v2\/pages\/16\/revisions\/157"}],"wp:attachment":[{"href":"https:\/\/timberspecialties.com\/fr\/wp-json\/wp\/v2\/media?parent=16"}],"curies":[{"name":"wp","href":"https:\/\/api.w.org\/{rel}","templated":true}]}}