{"id":14,"date":"2022-12-13T20:17:43","date_gmt":"2022-12-13T20:17:43","guid":{"rendered":"https:\/\/timberspecialties.com\/fr\/?page_id=14"},"modified":"2022-12-28T15:57:32","modified_gmt":"2022-12-28T15:57:32","slug":"zero-harm","status":"publish","type":"page","link":"https:\/\/timberspecialties.com\/fr\/a-propos-de-nous\/zero-harm\/","title":{"rendered":"Politique de nocivit\u00e9 z\u00e9ro &#8211; Zero Harm"},"content":{"rendered":"\n<h3 class=\"has-text-color wp-block-heading\" style=\"color:#00718f\"><strong><em>Zero Harm<\/em><\/strong> d\u00e9finit de quelles fa\u00e7ons Koppers m\u00e8ne chaque jour ses activit\u00e9s commerciales en instituant une culture de la s\u00e9curit\u00e9 de sorte que le Soci\u00e9t\u00e9 met toujours au premier plan la s\u00e9curit\u00e9 et la sant\u00e9 de ses employ\u00e9s, de l\u2019environnement et des collectivit\u00e9s dans toutes ses perspectives, ses plans et ses actions. Il s\u2019agit l\u00e0 d\u2019un objectif id\u00e9al, au demeurant atteignable.<\/h3>\n\n\n\n<h3 class=\"wp-block-heading\"><strong><strong><em>Zero Harm<\/em> pour les employ\u00e9s<\/strong><\/strong><\/h3>\n\n\n\n<p><strong><em>Zero Harm<\/em><\/strong> signifie fournir aux employ\u00e9s les outils, la formation, les mesures incitatives et le pouvoir leur permettant d\u2019identifier et de favoriser les pratiques ad\u00e9quates en mati\u00e8re de s\u00e9curit\u00e9, tout en rem\u00e9diant aux pratiques jug\u00e9es non s\u00e9curitaires. Un examen \u00e9largi des t\u00e2ches accomplies dans les installations mondiales de Koppers demeure en cours en vue d\u2019identifier les secteurs \u00e0 am\u00e9liorer. Des processus de communication am\u00e9lior\u00e9s permettant aux gestionnaires de partager avec leurs homologues du monde entier de l\u2019information au sujet d\u2019enjeux li\u00e9s \u00e0 la s\u00e9curit\u00e9 ont par ailleurs \u00e9t\u00e9 mis en \u0153uvre.<\/p>\n\n\n\n<h3 class=\"wp-block-heading\"><strong><strong>Engagement dans l\u2019initiative Responsible Care<\/strong>\u00ae<\/strong><\/h3>\n\n\n\n<p>L\u2019adh\u00e9sion \u00e0 l\u2019initiative Responsible Care\u00ae l\u2019American Chemistry Council, programme volontaire de l\u2019industrie qui attend de ses membres qu\u2019ils mettent en \u0153uvre des pratiques exemplaires aux fins de la gestion des incidences sur l\u2019environnement, de la sant\u00e9, de la s\u00e9curit\u00e9 et de la s\u00fbret\u00e9 peut \u00eatre consid\u00e9r\u00e9e comme une partie fondamentale de l\u2019engagement de Koppers en mati\u00e8re de s\u00e9curit\u00e9 et de protection de l\u2019environnement. En 2015, Koppers a re\u00e7u la certification de 18 de ses installations et de ses si\u00e8ges sociaux. Les efforts de la Soci\u00e9t\u00e9 li\u00e9s \u00e0 l\u2019initiative Responsible Care\u00ae se sont \u00e9tendus en 2019 pour incorporer le Code de la s\u00e9curit\u00e9 des proc\u00e9d\u00e9s et le Code de la s\u00e9curit\u00e9 des produits.<\/p>\n\n\n\n<h3 class=\"wp-block-heading\"><strong><strong><em>Zero Harm<\/em> pour l\u2019environnement<\/strong><\/strong><\/h3>\n\n\n\n<p>En plus de ses efforts vers une \u00e9limination des blessures chez ses employ\u00e9s, Koppers \u0153uvre \u00e0 ce qu\u2019il y ait z\u00e9ro nocivit\u00e9 pour l\u2019environnement en y appliquant les principes de la politique <strong><em>Zero Harm<\/em><\/strong>. L\u2019approche de la Soci\u00e9t\u00e9 en mati\u00e8re d\u2019intendance environnementale commence avec la formation, la collaboration et l\u2019application de mesures pr\u00e9ventives. Koppers veille elle-m\u00eame \u00e0 sa pleine conformit\u00e9 \u00e0 toutes les prescriptions l\u00e9gales qui s\u2019appliquent relativement \u00e0 un niveau minimum de performance. Gr\u00e2ce aux politiques, aux proc\u00e9d\u00e9s et aux proc\u00e9dures de la sp\u00e9cification technique RC&nbsp;14001, fruit de la participation au programme Responsible Care\u00ae de l\u2019industrie chimique, pratiques environnementales exemplaires deviennent la norme \u00e0 l\u2019\u00e9chelle de toute l\u2019organisation. C\u2019est forte de cet engagement dans le cadre de Responsible Care\u00ae que Koppers entend continuer de travailler vers un avenir o\u00f9 la <strong>nocivit\u00e9 z\u00e9ro<\/strong> pour l\u2019environnement demeura la norme.<\/p>\n\n\n\n<h3 class=\"wp-block-heading\"><strong><strong><em>Zero Harm<\/em> pour les collectivit\u00e9s<\/strong><\/strong><\/h3>\n\n\n\n<p>Koppers reconna\u00eet \u00e0 titre d\u2019intervenants cl\u00e9s les collectivit\u00e9s o\u00f9 elle exerce ses activit\u00e9s. Les employ\u00e9s, les usines de fabrication et les laboratoires repr\u00e9sentent des composantes vitales de ces collectivit\u00e9s. Les deux sont ins\u00e9parables et m\u00e9ritent le m\u00eame niveau ad\u00e9quat d\u2019attention et de respect. Cet engagement du programme <strong><em>Zero Harm<\/em><\/strong> face aux collectivit\u00e9s voisines de Koppers comprend l\u2019accent mis sur l\u2019am\u00e9lioration continue de la s\u00e9curit\u00e9 des proc\u00e9d\u00e9s, la communication d\u2019une information transparente \u00e0 tous les intervenants et enfin l\u2019administration d\u2019une formation rigoureuse concernant l\u2019utilisation s\u00e9curitaire des produits. Le programme <strong><em>Zero Harm<\/em><\/strong> repr\u00e9sente une exigence minimale pour le maintien de relations prosp\u00e8res avec ces collectivit\u00e9s.<\/p>\n\n\n\n<h3 class=\"wp-block-heading\"><strong><strong>Mobilisation<\/strong><\/strong><\/h3>\n\n\n\n<p>Comme cet engagement de Koppers relativement au programme <strong><em>Zero Harm<\/em><\/strong> comporte la participation d\u2019intervenants externes afin de comprendre leurs pr\u00e9occupations li\u00e9es aux activit\u00e9s de la Soci\u00e9t\u00e9, nous mobilisons les collectivit\u00e9s et les organisations locales, sur une base r\u00e9guli\u00e8re, par les moyens suivants&nbsp;:<\/p>\n\n\n\n<ul class=\"wp-block-list\">\n<li>Comit\u00e9s consultatifs communautaires<\/li>\n\n\n\n<li>Participation \u00e0 des activit\u00e9s locales portant sur la planification des urgences et la r\u00e9ponse aux urgences<\/li>\n\n\n\n<li>Affichages sur le site Web de Koppers<\/li>\n\n\n\n<li>Appuis \u00e0 des efforts de b\u00e9n\u00e9volat locaux<\/li>\n\n\n\n<li>Communication transparente de donn\u00e9es sur l\u2019\u00e9coviabilit\u00e9 dans ce rapport ainsi qu\u2019\u00e0 travers des organisations ind\u00e9pendantes<\/li>\n<\/ul>\n","protected":false},"excerpt":{"rendered":"<p>Zero Harm d\u00e9finit de quelles fa\u00e7ons Koppers m\u00e8ne chaque jour ses activit\u00e9s commerciales en instituant une culture de la s\u00e9curit\u00e9 de sorte que le Soci\u00e9t\u00e9 met toujours au premier plan la s\u00e9curit\u00e9 et la sant\u00e9 de ses employ\u00e9s, de l\u2019environnement et des collectivit\u00e9s dans toutes ses perspectives, ses plans et ses actions. Il s\u2019agit l\u00e0 d\u2019un objectif id\u00e9al, au demeurant atteignable. Zero Harm pour les employ\u00e9s Zero Harm signifie fournir aux employ\u00e9s les outils, la formation, les mesures incitatives et le pouvoir leur permettant d\u2019identifier et de favoriser les pratiques ad\u00e9quates en mati\u00e8re de s\u00e9curit\u00e9, tout en rem\u00e9diant aux pratiques jug\u00e9es non s\u00e9curitaires. Un examen \u00e9largi des t\u00e2ches accomplies dans les installations mondiales de Koppers demeure en cours en vue d\u2019identifier les secteurs \u00e0 am\u00e9liorer. Des processus de communication am\u00e9lior\u00e9s permettant aux gestionnaires de partager avec leurs homologues du monde entier de l\u2019information au sujet d\u2019enjeux li\u00e9s \u00e0 la s\u00e9curit\u00e9&#8230;<\/p>\n","protected":false},"author":1,"featured_media":0,"parent":12,"menu_order":0,"comment_status":"closed","ping_status":"closed","template":"","meta":{"_acf_changed":false,"footnotes":""},"class_list":["post-14","page","type-page","status-publish","hentry"],"acf":[],"yoast_head":"<!-- This site is optimized with the Yoast SEO plugin v25.7 - https:\/\/yoast.com\/wordpress\/plugins\/seo\/ -->\n<title>Politique de nocivit\u00e9 z\u00e9ro - Zero Harm - Timber Specialties (French)<\/title>\n<meta name=\"robots\" content=\"index, follow, max-snippet:-1, max-image-preview:large, max-video-preview:-1\" \/>\n<link rel=\"canonical\" href=\"https:\/\/timberspecialties.com\/fr\/a-propos-de-nous\/zero-harm\/\" \/>\n<meta property=\"og:locale\" content=\"en_US\" \/>\n<meta property=\"og:type\" content=\"article\" \/>\n<meta property=\"og:title\" content=\"Politique de nocivit\u00e9 z\u00e9ro - Zero Harm - Timber Specialties (French)\" \/>\n<meta property=\"og:description\" content=\"Zero Harm d\u00e9finit de quelles fa\u00e7ons Koppers m\u00e8ne chaque jour ses activit\u00e9s commerciales en instituant une culture de la s\u00e9curit\u00e9 de sorte que le Soci\u00e9t\u00e9 met toujours au premier plan la s\u00e9curit\u00e9 et la sant\u00e9 de ses employ\u00e9s, de l\u2019environnement et des collectivit\u00e9s dans toutes ses perspectives, ses plans et ses actions. Il s\u2019agit l\u00e0 d\u2019un objectif id\u00e9al, au demeurant atteignable. Zero Harm pour les employ\u00e9s Zero Harm signifie fournir aux employ\u00e9s les outils, la formation, les mesures incitatives et le pouvoir leur permettant d\u2019identifier et de favoriser les pratiques ad\u00e9quates en mati\u00e8re de s\u00e9curit\u00e9, tout en rem\u00e9diant aux pratiques jug\u00e9es non s\u00e9curitaires. Un examen \u00e9largi des t\u00e2ches accomplies dans les installations mondiales de Koppers demeure en cours en vue d\u2019identifier les secteurs \u00e0 am\u00e9liorer. Des processus de communication am\u00e9lior\u00e9s permettant aux gestionnaires de partager avec leurs homologues du monde entier de l\u2019information au sujet d\u2019enjeux li\u00e9s \u00e0 la s\u00e9curit\u00e9...\" \/>\n<meta property=\"og:url\" content=\"https:\/\/timberspecialties.com\/fr\/a-propos-de-nous\/zero-harm\/\" \/>\n<meta property=\"og:site_name\" content=\"Timber Specialties (French)\" \/>\n<meta property=\"article:modified_time\" content=\"2022-12-28T15:57:32+00:00\" \/>\n<meta name=\"twitter:card\" content=\"summary_large_image\" \/>\n<meta name=\"twitter:label1\" content=\"Est. reading time\" \/>\n\t<meta name=\"twitter:data1\" content=\"3 minutes\" \/>\n<script type=\"application\/ld+json\" class=\"yoast-schema-graph\">{\"@context\":\"https:\/\/schema.org\",\"@graph\":[{\"@type\":\"WebPage\",\"@id\":\"https:\/\/timberspecialties.com\/fr\/a-propos-de-nous\/zero-harm\/\",\"url\":\"https:\/\/timberspecialties.com\/fr\/a-propos-de-nous\/zero-harm\/\",\"name\":\"Politique de nocivit\u00e9 z\u00e9ro - Zero Harm - Timber Specialties (French)\",\"isPartOf\":{\"@id\":\"https:\/\/timberspecialties.com\/fr\/#website\"},\"datePublished\":\"2022-12-13T20:17:43+00:00\",\"dateModified\":\"2022-12-28T15:57:32+00:00\",\"breadcrumb\":{\"@id\":\"https:\/\/timberspecialties.com\/fr\/a-propos-de-nous\/zero-harm\/#breadcrumb\"},\"inLanguage\":\"en-US\",\"potentialAction\":[{\"@type\":\"ReadAction\",\"target\":[\"https:\/\/timberspecialties.com\/fr\/a-propos-de-nous\/zero-harm\/\"]}]},{\"@type\":\"BreadcrumbList\",\"@id\":\"https:\/\/timberspecialties.com\/fr\/a-propos-de-nous\/zero-harm\/#breadcrumb\",\"itemListElement\":[{\"@type\":\"ListItem\",\"position\":1,\"name\":\"Home\",\"item\":\"https:\/\/timberspecialties.com\/fr\/\"},{\"@type\":\"ListItem\",\"position\":2,\"name\":\"\u00c0 propos de nous\",\"item\":\"https:\/\/timberspecialties.com\/fr\/a-propos-de-nous\/\"},{\"@type\":\"ListItem\",\"position\":3,\"name\":\"Politique de nocivit\u00e9 z\u00e9ro &#8211; Zero Harm\"}]},{\"@type\":\"WebSite\",\"@id\":\"https:\/\/timberspecialties.com\/fr\/#website\",\"url\":\"https:\/\/timberspecialties.com\/fr\/\",\"name\":\"Timber Specialties\",\"description\":\"\",\"publisher\":{\"@id\":\"https:\/\/timberspecialties.com\/fr\/#organization\"},\"potentialAction\":[{\"@type\":\"SearchAction\",\"target\":{\"@type\":\"EntryPoint\",\"urlTemplate\":\"https:\/\/timberspecialties.com\/fr\/?s={search_term_string}\"},\"query-input\":{\"@type\":\"PropertyValueSpecification\",\"valueRequired\":true,\"valueName\":\"search_term_string\"}}],\"inLanguage\":\"en-US\"},{\"@type\":\"Organization\",\"@id\":\"https:\/\/timberspecialties.com\/fr\/#organization\",\"name\":\"Timber Specialties\",\"url\":\"https:\/\/timberspecialties.com\/fr\/\",\"logo\":{\"@type\":\"ImageObject\",\"inLanguage\":\"en-US\",\"@id\":\"https:\/\/timberspecialties.com\/fr\/#\/schema\/logo\/image\/\",\"url\":\"https:\/\/timberspecialties.com\/fr\/wp-content\/uploads\/sites\/2\/2022\/12\/logo-timber-specialities.png\",\"contentUrl\":\"https:\/\/timberspecialties.com\/fr\/wp-content\/uploads\/sites\/2\/2022\/12\/logo-timber-specialities.png\",\"width\":300,\"height\":124,\"caption\":\"Timber Specialties\"},\"image\":{\"@id\":\"https:\/\/timberspecialties.com\/fr\/#\/schema\/logo\/image\/\"}}]}<\/script>\n<!-- \/ Yoast SEO plugin. -->","yoast_head_json":{"title":"Politique de nocivit\u00e9 z\u00e9ro - Zero Harm - Timber Specialties (French)","robots":{"index":"index","follow":"follow","max-snippet":"max-snippet:-1","max-image-preview":"max-image-preview:large","max-video-preview":"max-video-preview:-1"},"canonical":"https:\/\/timberspecialties.com\/fr\/a-propos-de-nous\/zero-harm\/","og_locale":"en_US","og_type":"article","og_title":"Politique de nocivit\u00e9 z\u00e9ro - Zero Harm - Timber Specialties (French)","og_description":"Zero Harm d\u00e9finit de quelles fa\u00e7ons Koppers m\u00e8ne chaque jour ses activit\u00e9s commerciales en instituant une culture de la s\u00e9curit\u00e9 de sorte que le Soci\u00e9t\u00e9 met toujours au premier plan la s\u00e9curit\u00e9 et la sant\u00e9 de ses employ\u00e9s, de l\u2019environnement et des collectivit\u00e9s dans toutes ses perspectives, ses plans et ses actions. Il s\u2019agit l\u00e0 d\u2019un objectif id\u00e9al, au demeurant atteignable. Zero Harm pour les employ\u00e9s Zero Harm signifie fournir aux employ\u00e9s les outils, la formation, les mesures incitatives et le pouvoir leur permettant d\u2019identifier et de favoriser les pratiques ad\u00e9quates en mati\u00e8re de s\u00e9curit\u00e9, tout en rem\u00e9diant aux pratiques jug\u00e9es non s\u00e9curitaires. Un examen \u00e9largi des t\u00e2ches accomplies dans les installations mondiales de Koppers demeure en cours en vue d\u2019identifier les secteurs \u00e0 am\u00e9liorer. Des processus de communication am\u00e9lior\u00e9s permettant aux gestionnaires de partager avec leurs homologues du monde entier de l\u2019information au sujet d\u2019enjeux li\u00e9s \u00e0 la s\u00e9curit\u00e9...","og_url":"https:\/\/timberspecialties.com\/fr\/a-propos-de-nous\/zero-harm\/","og_site_name":"Timber Specialties (French)","article_modified_time":"2022-12-28T15:57:32+00:00","twitter_card":"summary_large_image","twitter_misc":{"Est. reading time":"3 minutes"},"schema":{"@context":"https:\/\/schema.org","@graph":[{"@type":"WebPage","@id":"https:\/\/timberspecialties.com\/fr\/a-propos-de-nous\/zero-harm\/","url":"https:\/\/timberspecialties.com\/fr\/a-propos-de-nous\/zero-harm\/","name":"Politique de nocivit\u00e9 z\u00e9ro - Zero Harm - Timber Specialties (French)","isPartOf":{"@id":"https:\/\/timberspecialties.com\/fr\/#website"},"datePublished":"2022-12-13T20:17:43+00:00","dateModified":"2022-12-28T15:57:32+00:00","breadcrumb":{"@id":"https:\/\/timberspecialties.com\/fr\/a-propos-de-nous\/zero-harm\/#breadcrumb"},"inLanguage":"en-US","potentialAction":[{"@type":"ReadAction","target":["https:\/\/timberspecialties.com\/fr\/a-propos-de-nous\/zero-harm\/"]}]},{"@type":"BreadcrumbList","@id":"https:\/\/timberspecialties.com\/fr\/a-propos-de-nous\/zero-harm\/#breadcrumb","itemListElement":[{"@type":"ListItem","position":1,"name":"Home","item":"https:\/\/timberspecialties.com\/fr\/"},{"@type":"ListItem","position":2,"name":"\u00c0 propos de nous","item":"https:\/\/timberspecialties.com\/fr\/a-propos-de-nous\/"},{"@type":"ListItem","position":3,"name":"Politique de nocivit\u00e9 z\u00e9ro &#8211; Zero Harm"}]},{"@type":"WebSite","@id":"https:\/\/timberspecialties.com\/fr\/#website","url":"https:\/\/timberspecialties.com\/fr\/","name":"Timber Specialties","description":"","publisher":{"@id":"https:\/\/timberspecialties.com\/fr\/#organization"},"potentialAction":[{"@type":"SearchAction","target":{"@type":"EntryPoint","urlTemplate":"https:\/\/timberspecialties.com\/fr\/?s={search_term_string}"},"query-input":{"@type":"PropertyValueSpecification","valueRequired":true,"valueName":"search_term_string"}}],"inLanguage":"en-US"},{"@type":"Organization","@id":"https:\/\/timberspecialties.com\/fr\/#organization","name":"Timber Specialties","url":"https:\/\/timberspecialties.com\/fr\/","logo":{"@type":"ImageObject","inLanguage":"en-US","@id":"https:\/\/timberspecialties.com\/fr\/#\/schema\/logo\/image\/","url":"https:\/\/timberspecialties.com\/fr\/wp-content\/uploads\/sites\/2\/2022\/12\/logo-timber-specialities.png","contentUrl":"https:\/\/timberspecialties.com\/fr\/wp-content\/uploads\/sites\/2\/2022\/12\/logo-timber-specialities.png","width":300,"height":124,"caption":"Timber Specialties"},"image":{"@id":"https:\/\/timberspecialties.com\/fr\/#\/schema\/logo\/image\/"}}]}},"_links":{"self":[{"href":"https:\/\/timberspecialties.com\/fr\/wp-json\/wp\/v2\/pages\/14","targetHints":{"allow":["GET"]}}],"collection":[{"href":"https:\/\/timberspecialties.com\/fr\/wp-json\/wp\/v2\/pages"}],"about":[{"href":"https:\/\/timberspecialties.com\/fr\/wp-json\/wp\/v2\/types\/page"}],"author":[{"embeddable":true,"href":"https:\/\/timberspecialties.com\/fr\/wp-json\/wp\/v2\/users\/1"}],"replies":[{"embeddable":true,"href":"https:\/\/timberspecialties.com\/fr\/wp-json\/wp\/v2\/comments?post=14"}],"version-history":[{"count":4,"href":"https:\/\/timberspecialties.com\/fr\/wp-json\/wp\/v2\/pages\/14\/revisions"}],"predecessor-version":[{"id":156,"href":"https:\/\/timberspecialties.com\/fr\/wp-json\/wp\/v2\/pages\/14\/revisions\/156"}],"up":[{"embeddable":true,"href":"https:\/\/timberspecialties.com\/fr\/wp-json\/wp\/v2\/pages\/12"}],"wp:attachment":[{"href":"https:\/\/timberspecialties.com\/fr\/wp-json\/wp\/v2\/media?parent=14"}],"curies":[{"name":"wp","href":"https:\/\/api.w.org\/{rel}","templated":true}]}}