{"id":12,"date":"2022-12-13T20:16:53","date_gmt":"2022-12-13T20:16:53","guid":{"rendered":"https:\/\/timberspecialties.com\/fr\/?page_id=12"},"modified":"2023-01-13T20:21:44","modified_gmt":"2023-01-13T20:21:44","slug":"a-propos-de-nous","status":"publish","type":"page","link":"https:\/\/timberspecialties.com\/fr\/a-propos-de-nous\/","title":{"rendered":"\u00c0 propos de nous"},"content":{"rendered":"\n<div class=\"wp-block-columns is-layout-flex wp-container-core-columns-is-layout-9d6595d7 wp-block-columns-is-layout-flex\">\n<div class=\"wp-block-column is-layout-flow wp-block-column-is-layout-flow\" style=\"flex-basis:66%\">\n<h2 class=\"wp-block-heading\">Timber Specialties<\/h2>\n\n\n\n<p>Timber Specialties Limited est la division canadienne qui fabrique les agents de pr\u00e9servation du bois de Koppers Inc., un chef de file int\u00e9gr\u00e9 mondial parmi les fournisseurs de compos\u00e9s carbon\u00e9s et des produits et services commerciaux li\u00e9s au traitement du bois.<\/p>\n\n\n\n<p>Les ventes par Timber Specialties d\u2019agents de pr\u00e9servation du bois et d\u2019\u00e9quipements d\u2019usine aux installations de pr\u00e9servation du bois au Canada sont appuy\u00e9es par des effectifs en mati\u00e8re d\u2019ing\u00e9nierie, de technique et de marketing bas\u00e9s \u00e0 Campbellville (Ontario) qui sont vou\u00e9s \u00e0 servir les clients canadiens. L\u2019\u00e9quipe de Timber Specialties continue de travailler avec nos pr\u00e9cieux clients et fournisseurs pour leur offrir les meilleurs produits et services qui soient.<\/p>\n\n\n\n<p>Les produits de bois trait\u00e9s avec des agents de pr\u00e9servation de Timber Specialties proviennent de soci\u00e9t\u00e9s de pr\u00e9servation du bois de propri\u00e9t\u00e9 et d\u2019exploitation ind\u00e9pendantes.<\/p>\n\n\n\n<h2 class=\"wp-block-heading\">Koppers<\/h2>\n\n\n\n<p>Koppers est un producteur mondial int\u00e9gr\u00e9 de compos\u00e9s carbon\u00e9s, de produits chimiques et de produits de bois trait\u00e9 pour les industries de l\u2019aluminerie, du secteur ferroviaire, des produits chimiques de sp\u00e9cialit\u00e9, des services publics, du caoutchouc, de l\u2019acier, du bois d\u2019\u0153uvre pour usages r\u00e9sidentiels et de l\u2019agriculture.<\/p>\n\n\n\n<p>Koppers, dont le si\u00e8ge social est \u00e0 Pittsburgh, en Pennsylvanie, dessert ses clients via un r\u00e9seau mondial de fabrication et de distribution, y compris des installations en Am\u00e9rique du Nord, en Am\u00e9rique du Sud, en Europe, en Australie, en Nouvelle Z\u00e9lande et en Asie.<\/p>\n\n\n\n<p>Koppers Performance Chemicals (Koppers PC) poss\u00e8de un personnel d\u00e9vou\u00e9 de professionnels de la science du bois \u00e0 l\u2019\u00e9chelle mondiale. Ses capacit\u00e9s en recherche de premier rang positionnent Koppers PC \u00e0 titre de pionnier de la pr\u00e9servation du bois.<\/p>\n\n\n\n<p>Koppers PC fournit \u00e0 sa pr\u00e9cieuse client\u00e8le des agents de pr\u00e9servation du bois, ainsi que des services d\u2019ing\u00e9nierie et de marketing prim\u00e9s, et ce dans plus de 70 pays. Nous mettons au point des techniques r\u00e9volutionnaires de traitement sous pression des produits de bois d\u2019\u0153uvre et de bois rond destin\u00e9s aux applications r\u00e9sidentielles, agricoles, commerciales, industrielles et des services publics, des produits qui offrent une protection avanc\u00e9e contre les dommages caus\u00e9s par l\u2019attaque des termite, la pourriture et la carie fongique.<\/p>\n\n\n\n<p>Les agents de pr\u00e9servation du bois, produits ignifuges et scellants pour coupes de bout de Timber Specialties\/Koppers Performance Chemicals sont l\u00e0 pour r\u00e9pondre aux besoins les plus exigeants en construction. Nos marques comprennent MicroPro Sienna<sup>MD<\/sup>, NW100<sup>MD<\/sup>, K-33<sup>MD<\/sup> CCA, FlamePro<sup>MD<\/sup> et Cut-N-Seal.<\/p>\n\n\n\n<h2 class=\"wp-block-heading\">Innovation<\/h2>\n\n\n\n<p>Koppers PC met au point de nouveaux agents de pr\u00e9servation, des techniques d\u2019automatisation des proc\u00e9d\u00e9s et une aide \u00e0 la mise en march\u00e9 personnalis\u00e9e, et procure en outre le niveau le plus \u00e9lev\u00e9 qui soit de service \u00e0 la client\u00e8le et de soutien technique.<\/p>\n\n\n\n<p>Koppers PC est un chef de file mondial de la mise au point et de la commercialisation de nombreux d\u00e9veloppements parmi les plus marquants ayant \u00e9t\u00e9 r\u00e9alis\u00e9s dans les secteurs ci-dessus, et continuera d\u2019investir avec vigueur dans la cr\u00e9ation de produits responsables destin\u00e9s \u00e0 l\u2019industrie du bois d\u2019\u0153uvre.<\/p>\n\n\n\n<h2 class=\"wp-block-heading\">Vision<\/h2>\n\n\n\n<p>Les \u00e9tudes de march\u00e9 et la planification strat\u00e9gique, combin\u00e9es \u00e0 la constitution de liens forts avec nos clients, se sont av\u00e9r\u00e9es fondamentales dans notre aptitude \u00e0 d\u00e9velopper en temps opportun produits, proc\u00e9d\u00e9s et services.<\/p>\n\n\n\n<p>Koppers PC met l\u2019accent sur l\u2019\u00e9laboration de syst\u00e8mes de pr\u00e9servation et d\u2019autres technologies connexes qui sont con\u00e7us pour aider nos clients \u00e0 offrir les meilleurs produits et pour construire les usines de traitement les plus efficientes qui soient.<\/p>\n\n\n\n<h2 class=\"wp-block-heading\">Initiative de l&#8217;industrie Responsible Care<\/h2>\n\n\n\n<p>Koppers est membre de l\u2019American Chemistry Council et s\u2019est engag\u00e9e \u00e0 adopter l\u2019initiative <em>Responsible Care<\/em> (gestion responsable) dans toutes ses localit\u00e9s mondiales en 2022. <em>Responsible Care<\/em> est l\u2019initiative volontaire de l\u2019industrie chimique mondiale qui est ax\u00e9e sur les proc\u00e9d\u00e9s, les proc\u00e9dures et la responsabilit\u00e9 en mati\u00e8re de gestion s\u00e9curitaire, garante et \u00e9coviable des produits chimiques tout au long de leur cycle de vie.<\/p>\n\n\n\n<p>Pour obtenir plus de renseignements au sujet de l\u2019initiative <em>Responsible Care<\/em>, veuillez visiter le <a href=\"https:\/\/www.americanchemistry.com\/\" target=\"_blank\" rel=\"noreferrer noopener\">site Web de l\u2019American Chemistry Council<\/a>.<\/p>\n<\/div>\n\n\n\n<div class=\"wp-block-column is-layout-flow wp-block-column-is-layout-flow\" style=\"flex-basis:34%\">\n<h3 class=\"wp-block-heading\"><strong>Politique de nocivit\u00e9 z\u00e9ro <em>Zero Harm<\/em><\/strong><\/h3>\n\n\n\n<figure class=\"wp-block-image size-large\"><img decoding=\"async\" src=\"http:\/\/timberspecialties.com\/wp-content\/uploads\/2019\/11\/logo-zero-harm.jpg\" alt=\"\" class=\"wp-image-214\"\/><\/figure>\n\n\n\n<p>Koppers s\u2019est de plus fermement engag\u00e9e \u00e0 \u00e9voluer vers une culture dite <em>Zero Harm<\/em> (nocivit\u00e9 z\u00e9ro), pour laquelle protection et int\u00e9r\u00eat de ses employ\u00e9s, de l\u2019environnement et des collectivit\u00e9s sont plac\u00e9s au-dessus de tout le reste. Cette approche focalis\u00e9e habilite les employ\u00e9s \u00e0 r\u00e9aliser des activit\u00e9s sans danger par une sensibilisation accrue aux proc\u00e9d\u00e9s et aux produits s\u00e9curitaires, \u00e0 la bonne intendance environnementale et \u00e0 la s\u00fbret\u00e9.<\/p>\n\n\n\n<div class=\"wp-block-button\"><a class=\"wp-block-button__link wp-element-button\" href=\"https:\/\/timberspecialties.com\/fr\/about-us\/zero-harm\/\">Pour en savoir plus<\/a><\/div>\n<\/div>\n<\/div>\n","protected":false},"excerpt":{"rendered":"<p>Timber Specialties Timber Specialties Limited est la division canadienne qui fabrique les agents de pr\u00e9servation du bois de Koppers Inc., un chef de file int\u00e9gr\u00e9 mondial parmi les fournisseurs de compos\u00e9s carbon\u00e9s et des produits et services commerciaux li\u00e9s au traitement du bois. Les ventes par Timber Specialties d\u2019agents de pr\u00e9servation du bois et d\u2019\u00e9quipements d\u2019usine aux installations de pr\u00e9servation du bois au Canada sont appuy\u00e9es par des effectifs en mati\u00e8re d\u2019ing\u00e9nierie, de technique et de marketing bas\u00e9s \u00e0 Campbellville (Ontario) qui sont vou\u00e9s \u00e0 servir les clients canadiens. L\u2019\u00e9quipe de Timber Specialties continue de travailler avec nos pr\u00e9cieux clients et fournisseurs pour leur offrir les meilleurs produits et services qui soient. Les produits de bois trait\u00e9s avec des agents de pr\u00e9servation de Timber Specialties proviennent de soci\u00e9t\u00e9s de pr\u00e9servation du bois de propri\u00e9t\u00e9 et d\u2019exploitation ind\u00e9pendantes. Koppers Koppers est un producteur mondial int\u00e9gr\u00e9 de compos\u00e9s carbon\u00e9s, de produits chimiques&#8230;<\/p>\n","protected":false},"author":1,"featured_media":0,"parent":0,"menu_order":0,"comment_status":"closed","ping_status":"closed","template":"","meta":{"_acf_changed":false,"footnotes":""},"class_list":["post-12","page","type-page","status-publish","hentry"],"acf":[],"yoast_head":"<!-- This site is optimized with the Yoast SEO plugin v25.7 - https:\/\/yoast.com\/wordpress\/plugins\/seo\/ -->\n<title>\u00c0 propos de nous - Timber Specialties (French)<\/title>\n<meta name=\"robots\" content=\"index, follow, max-snippet:-1, max-image-preview:large, max-video-preview:-1\" \/>\n<link rel=\"canonical\" href=\"https:\/\/timberspecialties.com\/fr\/a-propos-de-nous\/\" \/>\n<meta property=\"og:locale\" content=\"en_US\" \/>\n<meta property=\"og:type\" content=\"article\" \/>\n<meta property=\"og:title\" content=\"\u00c0 propos de nous - Timber Specialties (French)\" \/>\n<meta property=\"og:description\" content=\"Timber Specialties Timber Specialties Limited est la division canadienne qui fabrique les agents de pr\u00e9servation du bois de Koppers Inc., un chef de file int\u00e9gr\u00e9 mondial parmi les fournisseurs de compos\u00e9s carbon\u00e9s et des produits et services commerciaux li\u00e9s au traitement du bois. Les ventes par Timber Specialties d\u2019agents de pr\u00e9servation du bois et d\u2019\u00e9quipements d\u2019usine aux installations de pr\u00e9servation du bois au Canada sont appuy\u00e9es par des effectifs en mati\u00e8re d\u2019ing\u00e9nierie, de technique et de marketing bas\u00e9s \u00e0 Campbellville (Ontario) qui sont vou\u00e9s \u00e0 servir les clients canadiens. L\u2019\u00e9quipe de Timber Specialties continue de travailler avec nos pr\u00e9cieux clients et fournisseurs pour leur offrir les meilleurs produits et services qui soient. Les produits de bois trait\u00e9s avec des agents de pr\u00e9servation de Timber Specialties proviennent de soci\u00e9t\u00e9s de pr\u00e9servation du bois de propri\u00e9t\u00e9 et d\u2019exploitation ind\u00e9pendantes. Koppers Koppers est un producteur mondial int\u00e9gr\u00e9 de compos\u00e9s carbon\u00e9s, de produits chimiques...\" \/>\n<meta property=\"og:url\" content=\"https:\/\/timberspecialties.com\/fr\/a-propos-de-nous\/\" \/>\n<meta property=\"og:site_name\" content=\"Timber Specialties (French)\" \/>\n<meta property=\"article:modified_time\" content=\"2023-01-13T20:21:44+00:00\" \/>\n<meta property=\"og:image\" content=\"http:\/\/timberspecialties.com\/wp-content\/uploads\/2019\/11\/logo-zero-harm.jpg\" \/>\n<meta name=\"twitter:card\" content=\"summary_large_image\" \/>\n<meta name=\"twitter:label1\" content=\"Est. reading time\" \/>\n\t<meta name=\"twitter:data1\" content=\"4 minutes\" \/>\n<script type=\"application\/ld+json\" class=\"yoast-schema-graph\">{\"@context\":\"https:\/\/schema.org\",\"@graph\":[{\"@type\":\"WebPage\",\"@id\":\"https:\/\/timberspecialties.com\/fr\/a-propos-de-nous\/\",\"url\":\"https:\/\/timberspecialties.com\/fr\/a-propos-de-nous\/\",\"name\":\"\u00c0 propos de nous - Timber Specialties (French)\",\"isPartOf\":{\"@id\":\"https:\/\/timberspecialties.com\/fr\/#website\"},\"primaryImageOfPage\":{\"@id\":\"https:\/\/timberspecialties.com\/fr\/a-propos-de-nous\/#primaryimage\"},\"image\":{\"@id\":\"https:\/\/timberspecialties.com\/fr\/a-propos-de-nous\/#primaryimage\"},\"thumbnailUrl\":\"http:\/\/timberspecialties.com\/wp-content\/uploads\/2019\/11\/logo-zero-harm.jpg\",\"datePublished\":\"2022-12-13T20:16:53+00:00\",\"dateModified\":\"2023-01-13T20:21:44+00:00\",\"breadcrumb\":{\"@id\":\"https:\/\/timberspecialties.com\/fr\/a-propos-de-nous\/#breadcrumb\"},\"inLanguage\":\"en-US\",\"potentialAction\":[{\"@type\":\"ReadAction\",\"target\":[\"https:\/\/timberspecialties.com\/fr\/a-propos-de-nous\/\"]}]},{\"@type\":\"ImageObject\",\"inLanguage\":\"en-US\",\"@id\":\"https:\/\/timberspecialties.com\/fr\/a-propos-de-nous\/#primaryimage\",\"url\":\"http:\/\/timberspecialties.com\/wp-content\/uploads\/2019\/11\/logo-zero-harm.jpg\",\"contentUrl\":\"http:\/\/timberspecialties.com\/wp-content\/uploads\/2019\/11\/logo-zero-harm.jpg\"},{\"@type\":\"BreadcrumbList\",\"@id\":\"https:\/\/timberspecialties.com\/fr\/a-propos-de-nous\/#breadcrumb\",\"itemListElement\":[{\"@type\":\"ListItem\",\"position\":1,\"name\":\"Home\",\"item\":\"https:\/\/timberspecialties.com\/fr\/\"},{\"@type\":\"ListItem\",\"position\":2,\"name\":\"\u00c0 propos de nous\"}]},{\"@type\":\"WebSite\",\"@id\":\"https:\/\/timberspecialties.com\/fr\/#website\",\"url\":\"https:\/\/timberspecialties.com\/fr\/\",\"name\":\"Timber Specialties\",\"description\":\"\",\"publisher\":{\"@id\":\"https:\/\/timberspecialties.com\/fr\/#organization\"},\"potentialAction\":[{\"@type\":\"SearchAction\",\"target\":{\"@type\":\"EntryPoint\",\"urlTemplate\":\"https:\/\/timberspecialties.com\/fr\/?s={search_term_string}\"},\"query-input\":{\"@type\":\"PropertyValueSpecification\",\"valueRequired\":true,\"valueName\":\"search_term_string\"}}],\"inLanguage\":\"en-US\"},{\"@type\":\"Organization\",\"@id\":\"https:\/\/timberspecialties.com\/fr\/#organization\",\"name\":\"Timber Specialties\",\"url\":\"https:\/\/timberspecialties.com\/fr\/\",\"logo\":{\"@type\":\"ImageObject\",\"inLanguage\":\"en-US\",\"@id\":\"https:\/\/timberspecialties.com\/fr\/#\/schema\/logo\/image\/\",\"url\":\"https:\/\/timberspecialties.com\/fr\/wp-content\/uploads\/sites\/2\/2022\/12\/logo-timber-specialities.png\",\"contentUrl\":\"https:\/\/timberspecialties.com\/fr\/wp-content\/uploads\/sites\/2\/2022\/12\/logo-timber-specialities.png\",\"width\":300,\"height\":124,\"caption\":\"Timber Specialties\"},\"image\":{\"@id\":\"https:\/\/timberspecialties.com\/fr\/#\/schema\/logo\/image\/\"}}]}<\/script>\n<!-- \/ Yoast SEO plugin. -->","yoast_head_json":{"title":"\u00c0 propos de nous - Timber Specialties (French)","robots":{"index":"index","follow":"follow","max-snippet":"max-snippet:-1","max-image-preview":"max-image-preview:large","max-video-preview":"max-video-preview:-1"},"canonical":"https:\/\/timberspecialties.com\/fr\/a-propos-de-nous\/","og_locale":"en_US","og_type":"article","og_title":"\u00c0 propos de nous - Timber Specialties (French)","og_description":"Timber Specialties Timber Specialties Limited est la division canadienne qui fabrique les agents de pr\u00e9servation du bois de Koppers Inc., un chef de file int\u00e9gr\u00e9 mondial parmi les fournisseurs de compos\u00e9s carbon\u00e9s et des produits et services commerciaux li\u00e9s au traitement du bois. Les ventes par Timber Specialties d\u2019agents de pr\u00e9servation du bois et d\u2019\u00e9quipements d\u2019usine aux installations de pr\u00e9servation du bois au Canada sont appuy\u00e9es par des effectifs en mati\u00e8re d\u2019ing\u00e9nierie, de technique et de marketing bas\u00e9s \u00e0 Campbellville (Ontario) qui sont vou\u00e9s \u00e0 servir les clients canadiens. L\u2019\u00e9quipe de Timber Specialties continue de travailler avec nos pr\u00e9cieux clients et fournisseurs pour leur offrir les meilleurs produits et services qui soient. Les produits de bois trait\u00e9s avec des agents de pr\u00e9servation de Timber Specialties proviennent de soci\u00e9t\u00e9s de pr\u00e9servation du bois de propri\u00e9t\u00e9 et d\u2019exploitation ind\u00e9pendantes. Koppers Koppers est un producteur mondial int\u00e9gr\u00e9 de compos\u00e9s carbon\u00e9s, de produits chimiques...","og_url":"https:\/\/timberspecialties.com\/fr\/a-propos-de-nous\/","og_site_name":"Timber Specialties (French)","article_modified_time":"2023-01-13T20:21:44+00:00","og_image":[{"url":"http:\/\/timberspecialties.com\/wp-content\/uploads\/2019\/11\/logo-zero-harm.jpg","type":"","width":"","height":""}],"twitter_card":"summary_large_image","twitter_misc":{"Est. reading time":"4 minutes"},"schema":{"@context":"https:\/\/schema.org","@graph":[{"@type":"WebPage","@id":"https:\/\/timberspecialties.com\/fr\/a-propos-de-nous\/","url":"https:\/\/timberspecialties.com\/fr\/a-propos-de-nous\/","name":"\u00c0 propos de nous - Timber Specialties (French)","isPartOf":{"@id":"https:\/\/timberspecialties.com\/fr\/#website"},"primaryImageOfPage":{"@id":"https:\/\/timberspecialties.com\/fr\/a-propos-de-nous\/#primaryimage"},"image":{"@id":"https:\/\/timberspecialties.com\/fr\/a-propos-de-nous\/#primaryimage"},"thumbnailUrl":"http:\/\/timberspecialties.com\/wp-content\/uploads\/2019\/11\/logo-zero-harm.jpg","datePublished":"2022-12-13T20:16:53+00:00","dateModified":"2023-01-13T20:21:44+00:00","breadcrumb":{"@id":"https:\/\/timberspecialties.com\/fr\/a-propos-de-nous\/#breadcrumb"},"inLanguage":"en-US","potentialAction":[{"@type":"ReadAction","target":["https:\/\/timberspecialties.com\/fr\/a-propos-de-nous\/"]}]},{"@type":"ImageObject","inLanguage":"en-US","@id":"https:\/\/timberspecialties.com\/fr\/a-propos-de-nous\/#primaryimage","url":"http:\/\/timberspecialties.com\/wp-content\/uploads\/2019\/11\/logo-zero-harm.jpg","contentUrl":"http:\/\/timberspecialties.com\/wp-content\/uploads\/2019\/11\/logo-zero-harm.jpg"},{"@type":"BreadcrumbList","@id":"https:\/\/timberspecialties.com\/fr\/a-propos-de-nous\/#breadcrumb","itemListElement":[{"@type":"ListItem","position":1,"name":"Home","item":"https:\/\/timberspecialties.com\/fr\/"},{"@type":"ListItem","position":2,"name":"\u00c0 propos de nous"}]},{"@type":"WebSite","@id":"https:\/\/timberspecialties.com\/fr\/#website","url":"https:\/\/timberspecialties.com\/fr\/","name":"Timber Specialties","description":"","publisher":{"@id":"https:\/\/timberspecialties.com\/fr\/#organization"},"potentialAction":[{"@type":"SearchAction","target":{"@type":"EntryPoint","urlTemplate":"https:\/\/timberspecialties.com\/fr\/?s={search_term_string}"},"query-input":{"@type":"PropertyValueSpecification","valueRequired":true,"valueName":"search_term_string"}}],"inLanguage":"en-US"},{"@type":"Organization","@id":"https:\/\/timberspecialties.com\/fr\/#organization","name":"Timber Specialties","url":"https:\/\/timberspecialties.com\/fr\/","logo":{"@type":"ImageObject","inLanguage":"en-US","@id":"https:\/\/timberspecialties.com\/fr\/#\/schema\/logo\/image\/","url":"https:\/\/timberspecialties.com\/fr\/wp-content\/uploads\/sites\/2\/2022\/12\/logo-timber-specialities.png","contentUrl":"https:\/\/timberspecialties.com\/fr\/wp-content\/uploads\/sites\/2\/2022\/12\/logo-timber-specialities.png","width":300,"height":124,"caption":"Timber Specialties"},"image":{"@id":"https:\/\/timberspecialties.com\/fr\/#\/schema\/logo\/image\/"}}]}},"_links":{"self":[{"href":"https:\/\/timberspecialties.com\/fr\/wp-json\/wp\/v2\/pages\/12","targetHints":{"allow":["GET"]}}],"collection":[{"href":"https:\/\/timberspecialties.com\/fr\/wp-json\/wp\/v2\/pages"}],"about":[{"href":"https:\/\/timberspecialties.com\/fr\/wp-json\/wp\/v2\/types\/page"}],"author":[{"embeddable":true,"href":"https:\/\/timberspecialties.com\/fr\/wp-json\/wp\/v2\/users\/1"}],"replies":[{"embeddable":true,"href":"https:\/\/timberspecialties.com\/fr\/wp-json\/wp\/v2\/comments?post=12"}],"version-history":[{"count":8,"href":"https:\/\/timberspecialties.com\/fr\/wp-json\/wp\/v2\/pages\/12\/revisions"}],"predecessor-version":[{"id":162,"href":"https:\/\/timberspecialties.com\/fr\/wp-json\/wp\/v2\/pages\/12\/revisions\/162"}],"wp:attachment":[{"href":"https:\/\/timberspecialties.com\/fr\/wp-json\/wp\/v2\/media?parent=12"}],"curies":[{"name":"wp","href":"https:\/\/api.w.org\/{rel}","templated":true}]}}